{"id":86,"date":"2021-11-16T12:16:51","date_gmt":"2021-11-16T12:16:51","guid":{"rendered":"http:\/\/www.zmianadlaklimatu.pl\/?page_id=86"},"modified":"2022-03-23T20:27:46","modified_gmt":"2022-03-23T20:27:46","slug":"climatic-watcher","status":"publish","type":"page","link":"https:\/\/www.zmianadlaklimatu.pl\/index.php\/projekty\/climatic-watcher\/","title":{"rendered":"Miernik polityki klimatycznej &#8222;Klimat-o-metr&#8221;"},"content":{"rendered":"\n<h2 class=\"wp-block-heading\">Obserwowanie polityk dotycz\u0105cych klimatu w r\u00f3\u017cnych pa\u0144stwach \u015awiata<\/h2>\n\n\n\n<p>Stopniowo <strong>analizom poddawa\u0107 b\u0119dziemy polityki klimatyczne wielu pa\u0144stw<\/strong>, pocz\u0105wszy od najwi\u0119kszych gospodarek, sko\u0144czywszy na pa\u0144stwach b\u0119d\u0105cych najbardziej zagro\u017conymi przez skutki ocieplenia klimatu.<\/p>\n\n\n\n<p>W tym celu zawi\u0105zana zostaje sie\u0107 mi\u0119dzynarodowych kontakt\u00f3w z osobami zaanga\u017cowanymi w proces monitorowania polityki klimatycznej w\u0142asnego kraju.<\/p>\n\n\n\n<p>Nasz\u0105 ambicj\u0105 jest uzyskanie wgl\u0105du w polityk\u0119 jak najwi\u0119kszej ilo\u015bci pa\u0144stw &#8211; a najlepiej wszystkich.<\/p>\n\n\n<div class=\"wp-block-ub-content-toggle\" id=\"ub-content-toggle-752d1137-edc9-4929-b801-3a715ed4486a\" data-mobilecollapse=\"false\" data-desktopcollapse=\"false\">\n<div class=\"no-border wp-block-ub-content-toggle-accordion\" id=\"ub-content-toggle-panel-block-\">\n                <div class=\"wp-block-ub-content-toggle-accordion-title-wrap\"\" aria-controls=\"ub-content-toggle-panel-0-752d1137-edc9-4929-b801-3a715ed4486a\" tabindex=\"0\">\n                    <p class=\"wp-block-ub-content-toggle-accordion-title ub-content-toggle-title-752d1137-edc9-4929-b801-3a715ed4486a\">Celem jest <strong>nazwanie praktyk stosowanych w politykach wewn\u0119trznych pa\u0144stw<\/strong>: analizie poddawa\u0107 b\u0119dziemy nast\u0119puj\u0105ce obszary:<\/p><div class=\"wp-block-ub-content-toggle-accordion-toggle-wrap left\"><span class=\"wp-block-ub-content-toggle-accordion-state-indicator wp-block-ub-chevron-down open\"><\/span>\n                    <\/div><\/div><div role=\"region\" aria-expanded=\"true\" class=\"wp-block-ub-content-toggle-accordion-content-wrap\" id=\"ub-content-toggle-panel-0-752d1137-edc9-4929-b801-3a715ed4486a\">\n\n<ol><li>odniesienie polityki pa\u0144stwa do ustale\u0144 klimatycznych porozumie\u0144 mi\u0119dzynarodowych, zar\u00f3wno je\u015bli dany kraj zadeklarowa\u0142 pewne cele, jak i gdy ich nie zadeklarowa\u0142.<\/li><li>Jako\u015b\u0107 wprowadzanych mechanizm\u00f3w prawnych s\u0142u\u017c\u0105cych mitygacji zmian klimatycznych: polityce energetycznej i przechodzeniu w stron\u0119 OZE, wprowadzaniu mechanizm\u00f3w ograniczaj\u0105cych konsumpcj\u0119 energii, promuj\u0105cych przej\u015bcie na zr\u00f3wnowa\u017cone modele w\u015br\u00f3d mieszka\u0144c\u00f3w i firm;<\/li><li>wprowadzanie gospodarki o obiegu zamkni\u0119tym w polityce dotycz\u0105cej odpad\u00f3w;<\/li><li>mechanizmy opodatkowania destrukcyjnych \/ niekorzystnych \u015brodowiskowo proces\u00f3w oraz wykorzystania funduszy na cele rehabilitacji \u015brodowiska naturalnego<\/li><li>polityk\u0119 ochrony \u015brodowiska, stan zalesienia pa\u0144stwa oraz program\u00f3w rehabilituj\u0105cych ekosystemy<\/li><\/ol>\n\n<\/div><\/div>\n\n<div class=\"no-border wp-block-ub-content-toggle-accordion\" id=\"ub-content-toggle-panel-block-\">\n                <div class=\"wp-block-ub-content-toggle-accordion-title-wrap\"\" aria-controls=\"ub-content-toggle-panel-1-752d1137-edc9-4929-b801-3a715ed4486a\" tabindex=\"0\">\n                    <p class=\"wp-block-ub-content-toggle-accordion-title ub-content-toggle-title-752d1137-edc9-4929-b801-3a715ed4486a\">Przyznawane b\u0119d\u0105 tytu\u0142y <strong>najbardziej zr\u00f3wnowa\u017conej polityki pa\u0144stwa,<\/strong><\/p><div class=\"wp-block-ub-content-toggle-accordion-toggle-wrap left\"><span class=\"wp-block-ub-content-toggle-accordion-state-indicator wp-block-ub-chevron-down\"><\/span>\n                    <\/div><\/div><div role=\"region\" aria-expanded=\"false\" class=\"wp-block-ub-content-toggle-accordion-content-wrap ub-hide\" id=\"ub-content-toggle-panel-1-752d1137-edc9-4929-b801-3a715ed4486a\">\n\n<p><\/p>\n\n\n\n<p>Przyznawana b\u0119dzie r\u00f3wnie\u017c punktacja w skali &#8211; w miar\u0119 mo\u017cliwo\u015bci zobiektywizowanej wzgl\u0119dem idea\u0142u &#8222;zeroemisyjnego&#8221; i &#8222;zr\u00f3wnowa\u017conego&#8221;. Ocena mechanizm\u00f3w b\u0119dzie prowadzona na dw\u00f3ch poziomach: powierzchownym i pog\u0142\u0119bionym, odpowiadaj\u0105c w strukturze dokument\u00f3w przejrzeniu tytu\u0142\u00f3w oraz tre\u015bci polityk danego kraju.<\/p>\n\n<\/div><\/div>\n\n<div class=\"no-border wp-block-ub-content-toggle-accordion\" id=\"ub-content-toggle-panel-block-\">\n                <div class=\"wp-block-ub-content-toggle-accordion-title-wrap\"\" aria-controls=\"ub-content-toggle-panel-2-752d1137-edc9-4929-b801-3a715ed4486a\" tabindex=\"0\">\n                    <p class=\"wp-block-ub-content-toggle-accordion-title ub-content-toggle-title-752d1137-edc9-4929-b801-3a715ed4486a\">Nast\u0119pne kroki do podj\u0119cia w tym projekcie:<\/p><div class=\"wp-block-ub-content-toggle-accordion-toggle-wrap left\"><span class=\"wp-block-ub-content-toggle-accordion-state-indicator wp-block-ub-chevron-down\"><\/span>\n                    <\/div><\/div><div role=\"region\" aria-expanded=\"false\" class=\"wp-block-ub-content-toggle-accordion-content-wrap ub-hide\" id=\"ub-content-toggle-panel-2-752d1137-edc9-4929-b801-3a715ed4486a\">\n\n<p><\/p>\n\n\n\n<p>Podejmujemy aktualnie<strong> kontakty mi\u0119dzynarodowe <\/strong>z dzia\u0142aczami i naukowcami oraz osobami zaanga\u017cowanymi w danych krajach w tematyk\u0119 polityki zr\u00f3wnowa\u017conego rozwoju, transformacji energetycznej, gospodarki odadami, zagospodarowania przestrzennego, ekologii oraz innych obszar\u00f3w powi\u0105zanych bezpo\u015brednio z mitygacj\u0105 zmian klimatycznych.<\/p>\n\n\n\n<p>Utworzenie repozytorium dokument\u00f3w \/ plik\u00f3w i link\u00f3w z odniesieniami do poszczeg\u00f3lnych polityk pa\u0144stwowych danych kraj\u00f3w<\/p>\n\n\n\n<p>Utworzenie portalu www agreguj\u0105cego podstawowe informacje o projekcie.<\/p>\n\n<\/div><\/div>\n<\/div>","protected":false},"excerpt":{"rendered":"<p>Obserwowanie polityk dotycz\u0105cych klimatu w r\u00f3\u017cnych pa\u0144stwach \u015awiata Stopniowo analizom poddawa\u0107 b\u0119dziemy polityki klimatyczne wielu pa\u0144stw, pocz\u0105wszy od najwi\u0119kszych gospodarek, sko\u0144czywszy na pa\u0144stwach b\u0119d\u0105cych najbardziej zagro\u017conymi przez skutki ocieplenia klimatu. W tym celu zawi\u0105zana zostaje sie\u0107 mi\u0119dzynarodowych kontakt\u00f3w z osobami zaanga\u017cowanymi w proces monitorowania polityki klimatycznej w\u0142asnego kraju. Nasz\u0105 ambicj\u0105 jest uzyskanie wgl\u0105du w polityk\u0119 [&hellip;]<\/p>\n","protected":false},"author":1,"featured_media":0,"parent":23,"menu_order":0,"comment_status":"closed","ping_status":"closed","template":"","meta":{"ub_ctt_via":"","_monsterinsights_skip_tracking":false,"_monsterinsights_sitenote_active":false,"_monsterinsights_sitenote_note":"","_monsterinsights_sitenote_category":0,"footnotes":""},"featured_image_src":null,"_links":{"self":[{"href":"https:\/\/www.zmianadlaklimatu.pl\/index.php\/wp-json\/wp\/v2\/pages\/86"}],"collection":[{"href":"https:\/\/www.zmianadlaklimatu.pl\/index.php\/wp-json\/wp\/v2\/pages"}],"about":[{"href":"https:\/\/www.zmianadlaklimatu.pl\/index.php\/wp-json\/wp\/v2\/types\/page"}],"author":[{"embeddable":true,"href":"https:\/\/www.zmianadlaklimatu.pl\/index.php\/wp-json\/wp\/v2\/users\/1"}],"replies":[{"embeddable":true,"href":"https:\/\/www.zmianadlaklimatu.pl\/index.php\/wp-json\/wp\/v2\/comments?post=86"}],"version-history":[{"count":14,"href":"https:\/\/www.zmianadlaklimatu.pl\/index.php\/wp-json\/wp\/v2\/pages\/86\/revisions"}],"predecessor-version":[{"id":629,"href":"https:\/\/www.zmianadlaklimatu.pl\/index.php\/wp-json\/wp\/v2\/pages\/86\/revisions\/629"}],"up":[{"embeddable":true,"href":"https:\/\/www.zmianadlaklimatu.pl\/index.php\/wp-json\/wp\/v2\/pages\/23"}],"wp:attachment":[{"href":"https:\/\/www.zmianadlaklimatu.pl\/index.php\/wp-json\/wp\/v2\/media?parent=86"}],"curies":[{"name":"wp","href":"https:\/\/api.w.org\/{rel}","templated":true}]}}