{"id":833,"date":"2023-03-07T08:16:58","date_gmt":"2023-03-07T08:16:58","guid":{"rendered":"https:\/\/www.zmianadlaklimatu.pl\/?page_id=833"},"modified":"2023-03-10T16:48:21","modified_gmt":"2023-03-10T16:48:21","slug":"rozwiazania-dla-produkcji","status":"publish","type":"page","link":"https:\/\/www.zmianadlaklimatu.pl\/index.php\/rozwiazania-dla-produkcji\/","title":{"rendered":"Rozwi\u0105zania dla produkcji"},"content":{"rendered":"\n<p>W obszarze produkcji &#8211; <strong>Odpowiednia gospodarka materia\u0142owa:<\/strong><\/p>\n\n\n\n<ol><li>Zmiany przepis\u00f3w dotycz\u0105ce <strong>odpowiedzialno\u015bci producent\u00f3w za produkowane materia\u0142y i przedmioty <\/strong><ol><li>Narzucenie <strong>obowi\u0105zku projektowania urz\u0105dze\u0144 dzia\u0142aj\u0105cych w skali kilkudziesi\u0119ciu lat <\/strong>(minimum &#8211; 20 lat)<\/li><li><strong>Zobowi\u0105zanie producent\u00f3w do odbioru odpad\u00f3w<\/strong> lub pokrywania w kosztach odbioru odpad\u00f3w, proporcjonalnie do wagi materia\u0142\u00f3w odpadowych, w tym opakowa\u0144, oraz ich sk\u0142adu materia\u0142owego \/ chemicznego.<\/li><li><strong>Zobowi\u0105zanie do udzielania napraw serwisowych na sw\u00f3j koszt<\/strong> w okresie minimum 10 lat od sprzeda\u017cy nowego produktu.<\/li><li><strong>Zobowi\u0105zanie producent\u00f3w do przej\u015bcia na odnawialne \u017ar\u00f3d\u0142a energii<\/strong>; transformacji w zakresie samowystarczalno\u015bci fabryk oraz odpowiedniego wyposa\u017cenia w rozwi\u0105zania zmniejszaj\u0105ce obci\u0105\u017cenie produkcji dla \u015brodowiska naturalnego.<\/li><\/ol><\/li><li><strong>Wprowadzenie op\u0142at \u015brodowiskowych przeznaczonych tylko i wy\u0142\u0105cznie na rekonwalescencj\u0119 \u015brodowiska naturalnego<\/strong> i skutk\u00f3w produkcji dla wszystkich produkt\u00f3w i us\u0142ug luksusowych. Zastosowanie tego zalecenia wymaga <strong>wprowadzenia kategoryzacji produkt\u00f3w<\/strong> na przynajmniej 3 typu: <ul><li>dobra podstawowe, takie ja podstawowe produkty \u017cywno\u015bciowe, sanitarne i medyczne<\/li><li>dobra dodatkowe, takie jak sprz\u0119ty usprawniaj\u0105ce \u017cycie w gospodarstwie domowym, sprz\u0119t elektroniczny podstawowy (komputery, telefony kom\u00f3rkowe)<\/li><li>dobra ekskluzywne, takie jak samochody wy\u017cszej klasy, gad\u017cety s\u0142u\u017c\u0105ce zbytkowi, takie jak zegarki, wy\u017cszej klasy i rozmiar\u00f3w komputery, telefony.<\/li><li>Sugerowana jest r\u00f3wnie\u017c 4 kategoria na produkty najwy\u017cszego zbytku, takie jak jachty, samochody sportowe, systemy wyposa\u017cenia luksusowych dom\u00f3w, etc.<\/li><\/ul><\/li><li>Przygotowanie powy\u017cszych kategoryzacji <strong>musi rozr\u00f3\u017cnia\u0107 podstawowe standardy \u017cycia ludzkiego<\/strong>, do kt\u00f3rego przeci\u0119tny obywatel ma prawo bez ponoszenia op\u0142at \u015brodowiskowych, od<strong> d\u00f3br u\u017cytkowych<\/strong>, kt\u00f3re u\u0142atwiaj\u0105 \u017cycie na wy\u017cszym poziomie oraz od <strong>produkt\u00f3w zbytku<\/strong>, kt\u00f3re nie s\u0105 niezb\u0119dne do \u017cycia ani <strong>nie s\u0105 usprawnieniem codzienno\u015bci, a dotycz\u0105 jedynie zachcianek<\/strong>. <\/li><li>Wprowadzone regulacje musz\u0105 uwzgl\u0119dnia\u0107 r\u00f3\u017cnice w wyj\u015bciowym stanie rozwoju gospodarczo-spo\u0142ecznego poszczeg\u00f3lnych kraj\u00f3w. W szczeg\u00f3lno\u015bci uwzgl\u0119dnia\u0107 musi <strong>prawa kraj\u00f3w s\u0142abo rozwini\u0119tych do &#8222;nadrobienia&#8221; rozwoju<\/strong> o pewnych kosztach \u015brodowiskowych, kt\u00f3rego kraje rozwini\u0119te dokona\u0142y ju\u017c w przesz\u0142o\u015bci, bez ogl\u0105dania si\u0119 na koszty \u015brodowiska.<\/li><li>Ocena gospodarczo-spo\u0142ecznego rozwoju poszczeg\u00f3lnych kraj\u00f3w oparta musi by\u0107 na <strong>wska\u017anikach dobrobytu<\/strong>, takich jak powierzchnia mieszkalna przypadaj\u0105ca na mieszka\u0144ca, stosunek mediany zarobk\u00f3w do koszt\u00f3w podstawowego koszyka zakupowego, czy bie\u017c\u0105ce statystyki dotycz\u0105ce standard\u00f3w higieniczno-sanitarnych dla danych region\u00f3w. Uzupe\u0142niaj\u0105cymi danymi jest poziom sprzeda\u017cy d\u00f3br podstawowych, u\u017cytkowych i luksusowych.<\/li><li><strong>Rozwi\u0105zania wymaga temat systemu handlu emisjami<\/strong>, w kt\u00f3rym to systemie bogate kraje odkupuj\u0105 od biedniejszych kraj\u00f3w prawa do emisji. Prawa do emisji powinny wi\u0105za\u0107 si\u0119 z realnym polepszeniem warunk\u00f3w \u017cycia, a nie przychodami rz\u0105d\u00f3w i sfer rz\u0105dz\u0105cych poszczeg\u00f3lnymi sektorami gospodarczymi biednych kraj\u00f3w.<\/li><\/ol>\n","protected":false},"excerpt":{"rendered":"<p>W obszarze produkcji &#8211; Odpowiednia gospodarka materia\u0142owa: Zmiany przepis\u00f3w dotycz\u0105ce odpowiedzialno\u015bci producent\u00f3w za produkowane materia\u0142y i przedmioty Narzucenie obowi\u0105zku projektowania urz\u0105dze\u0144 dzia\u0142aj\u0105cych w skali kilkudziesi\u0119ciu lat (minimum &#8211; 20 lat) Zobowi\u0105zanie producent\u00f3w do odbioru odpad\u00f3w lub pokrywania w kosztach odbioru odpad\u00f3w, proporcjonalnie do wagi materia\u0142\u00f3w odpadowych, w tym opakowa\u0144, oraz ich sk\u0142adu materia\u0142owego \/ chemicznego. [&hellip;]<\/p>\n","protected":false},"author":1,"featured_media":0,"parent":0,"menu_order":0,"comment_status":"closed","ping_status":"closed","template":"","meta":{"ub_ctt_via":"","_monsterinsights_skip_tracking":false,"_monsterinsights_sitenote_active":false,"_monsterinsights_sitenote_note":"","_monsterinsights_sitenote_category":0,"footnotes":""},"featured_image_src":null,"_links":{"self":[{"href":"https:\/\/www.zmianadlaklimatu.pl\/index.php\/wp-json\/wp\/v2\/pages\/833"}],"collection":[{"href":"https:\/\/www.zmianadlaklimatu.pl\/index.php\/wp-json\/wp\/v2\/pages"}],"about":[{"href":"https:\/\/www.zmianadlaklimatu.pl\/index.php\/wp-json\/wp\/v2\/types\/page"}],"author":[{"embeddable":true,"href":"https:\/\/www.zmianadlaklimatu.pl\/index.php\/wp-json\/wp\/v2\/users\/1"}],"replies":[{"embeddable":true,"href":"https:\/\/www.zmianadlaklimatu.pl\/index.php\/wp-json\/wp\/v2\/comments?post=833"}],"version-history":[{"count":2,"href":"https:\/\/www.zmianadlaklimatu.pl\/index.php\/wp-json\/wp\/v2\/pages\/833\/revisions"}],"predecessor-version":[{"id":849,"href":"https:\/\/www.zmianadlaklimatu.pl\/index.php\/wp-json\/wp\/v2\/pages\/833\/revisions\/849"}],"wp:attachment":[{"href":"https:\/\/www.zmianadlaklimatu.pl\/index.php\/wp-json\/wp\/v2\/media?parent=833"}],"curies":[{"name":"wp","href":"https:\/\/api.w.org\/{rel}","templated":true}]}}