{"id":729,"date":"2022-06-23T13:03:03","date_gmt":"2022-06-23T13:03:03","guid":{"rendered":"https:\/\/www.zmianadlaklimatu.pl\/?page_id=729"},"modified":"2022-06-23T14:57:22","modified_gmt":"2022-06-23T14:57:22","slug":"radykalna-transformacja-biznesu-projekt-fundacji-zmiana-dla-klimatu","status":"publish","type":"page","link":"https:\/\/www.zmianadlaklimatu.pl\/index.php\/radykalna-transformacja-biznesu-projekt-fundacji-zmiana-dla-klimatu\/","title":{"rendered":"Radykalna Transformacja Biznesu"},"content":{"rendered":"<div class=\"wp-block-ub-content-toggle\" id=\"ub-content-toggle-20335dd9-253a-45f5-b043-1181f7df6cdd\" data-mobilecollapse=\"false\" data-desktopcollapse=\"false\">\n<div class=\"no-border wp-block-ub-content-toggle-accordion\" id=\"ub-content-toggle-panel-block-\">\n                <div class=\"wp-block-ub-content-toggle-accordion-title-wrap\"\" aria-controls=\"ub-content-toggle-panel-0-20335dd9-253a-45f5-b043-1181f7df6cdd\" tabindex=\"0\">\n                    <p class=\"wp-block-ub-content-toggle-accordion-title ub-content-toggle-title-20335dd9-253a-45f5-b043-1181f7df6cdd\"><strong>Pomagamy firmom radykalnie zmieni\u0107 swoje modele biznesowe<\/strong> na bardziej zr\u00f3wnowa\u017cone dla \u015brodowiska i spo\u0142eczno\u015bci<\/p><div class=\"wp-block-ub-content-toggle-accordion-toggle-wrap right\"><span class=\"wp-block-ub-content-toggle-accordion-state-indicator wp-block-ub-chevron-down open\"><\/span>\n                    <\/div><\/div><div role=\"region\" aria-expanded=\"true\" class=\"wp-block-ub-content-toggle-accordion-content-wrap\" id=\"ub-content-toggle-panel-0-20335dd9-253a-45f5-b043-1181f7df6cdd\">\n\n<p><strong>Doradzamy jak,<\/strong> w imi\u0119 transformacji energetycznej i przeciwdzia\u0142ania dalszym zmianom klimatycznym,<strong> zmieni\u0107 produkty, oferty i sposoby organizacji firm. <\/strong><\/p>\n\n\n\n<p>Proponujemy<strong> radykalne podej\u015bcie do kwestii zr\u00f3wnowa\u017conego rozwoju<\/strong>, poprzez implementacj\u0119 us\u0142ug \u015brodowiskowych, pozwalaj\u0105cych na mniejsz\u0105 lub wi\u0119ksz\u0105 rekonwalescencj\u0119 szk\u00f3d, wyrz\u0105dzanych przez dan\u0105 firm\u0119 i jej dzia\u0142alno\u015b\u0107 produkcyjn\u0105, us\u0142ugow\u0105 czy sprzeda\u017cow\u0105.<\/p>\n\n<\/div><\/div>\n\n<div class=\"no-border wp-block-ub-content-toggle-accordion\" id=\"ub-content-toggle-panel-block-\">\n                <div class=\"wp-block-ub-content-toggle-accordion-title-wrap\"\" aria-controls=\"ub-content-toggle-panel-1-20335dd9-253a-45f5-b043-1181f7df6cdd\" tabindex=\"0\">\n                    <p class=\"wp-block-ub-content-toggle-accordion-title ub-content-toggle-title-20335dd9-253a-45f5-b043-1181f7df6cdd\"><strong>Us\u0142ugi zajmuj\u0105ce si\u0119 \u015brodowiskiem naturalnym i ochron\u0105 zasob\u00f3w<\/strong> jako cz\u0119\u015b\u0107 ka\u017cdej dzia\u0142alno\u015bci.<\/p><div class=\"wp-block-ub-content-toggle-accordion-toggle-wrap right\"><span class=\"wp-block-ub-content-toggle-accordion-state-indicator wp-block-ub-chevron-down open\"><\/span>\n                    <\/div><\/div><div role=\"region\" aria-expanded=\"true\" class=\"wp-block-ub-content-toggle-accordion-content-wrap\" id=\"ub-content-toggle-panel-1-20335dd9-253a-45f5-b043-1181f7df6cdd\">\n\n<p>Wierzymy, \u017ce <strong>cz\u0119\u015bci\u0105 ka\u017cdej biznesowej aktywno\u015bci powinno by\u0107 &#8222;naprawianie&#8221; czy &#8222;uleczanie&#8221; szk\u00f3d<\/strong>, kt\u00f3re wyrz\u0105dzi\u0142o si\u0119 po\u015brednio lub bezpo\u015brednio przez w\u0142asne dzia\u0142ania dla ekosystem\u00f3w, \u015brodowiska naturalnego lub spo\u0142eczno\u015bci. <\/p>\n\n\n\n<p>Istotnym aspektem naprawiania szk\u00f3d staje si\u0119 odpowiedni udzia\u0142 w finansach firmy. Model, kt\u00f3ry proponujemy, jest, jak nazwa wskazuje &#8211; radykalny. Wymaga przemiany wewn\u0119trznej od zarz\u0105d\u00f3w i os\u00f3b decyzyjnych. Nie mo\u017ce odby\u0107 si\u0119 bez wp\u0142ywu na organizacj\u0119 i wyznawane warto\u015bci. Skutkiem tego jest rezygnacja z &#8222;green washing&#8221;, kt\u00f3ry jest \u015blepym zau\u0142kiem komunikacji z rynkiem.<\/p>\n\n<\/div><\/div>\n\n<div class=\"no-border wp-block-ub-content-toggle-accordion\" id=\"ub-content-toggle-panel-block-\">\n                <div class=\"wp-block-ub-content-toggle-accordion-title-wrap\"\" aria-controls=\"ub-content-toggle-panel-2-20335dd9-253a-45f5-b043-1181f7df6cdd\" tabindex=\"0\">\n                    <p class=\"wp-block-ub-content-toggle-accordion-title ub-content-toggle-title-20335dd9-253a-45f5-b043-1181f7df6cdd\"><strong>Im szybciej wprowadzisz zmiany, tym lepsze skutki odczujesz dla swojego biznesu<\/strong><\/p><div class=\"wp-block-ub-content-toggle-accordion-toggle-wrap right\"><span class=\"wp-block-ub-content-toggle-accordion-state-indicator wp-block-ub-chevron-down open\"><\/span>\n                    <\/div><\/div><div role=\"region\" aria-expanded=\"true\" class=\"wp-block-ub-content-toggle-accordion-content-wrap\" id=\"ub-content-toggle-panel-2-20335dd9-253a-45f5-b043-1181f7df6cdd\">\n\n<p>Wiemy, \u017ce zmiany wi\u0105\u017c\u0105 si\u0119 z oporem, mog\u0105 budzi\u0107 sprzeciw czy te\u017c po prostu, z pocz\u0105tku, negatywnie wp\u0142yn\u0105 na poziom rentowno\u015bci dzia\u0142a\u0144. Jednak wierzymy, \u017ce w d\u0142ugim terminie zmiany te przynios\u0105 niewymierne korzy\u015bci dla Twoich przedsi\u0119wzi\u0119\u0107: nie tylko <strong>mo\u017cesz sta\u0107 si\u0119 liderem transformacji w swojej bran\u017cy, ale mo\u017cesz zyska\u0107 dzi\u0119ki temu lojalno\u015b\u0107 klient\u00f3w.<\/strong><\/p>\n\n<\/div><\/div>\n<\/div>","protected":false},"excerpt":{"rendered":"","protected":false},"author":1,"featured_media":0,"parent":0,"menu_order":0,"comment_status":"closed","ping_status":"closed","template":"","meta":{"ub_ctt_via":"","_monsterinsights_skip_tracking":false,"_monsterinsights_sitenote_active":false,"_monsterinsights_sitenote_note":"","_monsterinsights_sitenote_category":0,"footnotes":""},"featured_image_src":null,"_links":{"self":[{"href":"https:\/\/www.zmianadlaklimatu.pl\/index.php\/wp-json\/wp\/v2\/pages\/729"}],"collection":[{"href":"https:\/\/www.zmianadlaklimatu.pl\/index.php\/wp-json\/wp\/v2\/pages"}],"about":[{"href":"https:\/\/www.zmianadlaklimatu.pl\/index.php\/wp-json\/wp\/v2\/types\/page"}],"author":[{"embeddable":true,"href":"https:\/\/www.zmianadlaklimatu.pl\/index.php\/wp-json\/wp\/v2\/users\/1"}],"replies":[{"embeddable":true,"href":"https:\/\/www.zmianadlaklimatu.pl\/index.php\/wp-json\/wp\/v2\/comments?post=729"}],"version-history":[{"count":3,"href":"https:\/\/www.zmianadlaklimatu.pl\/index.php\/wp-json\/wp\/v2\/pages\/729\/revisions"}],"predecessor-version":[{"id":733,"href":"https:\/\/www.zmianadlaklimatu.pl\/index.php\/wp-json\/wp\/v2\/pages\/729\/revisions\/733"}],"wp:attachment":[{"href":"https:\/\/www.zmianadlaklimatu.pl\/index.php\/wp-json\/wp\/v2\/media?parent=729"}],"curies":[{"name":"wp","href":"https:\/\/api.w.org\/{rel}","templated":true}]}}