{"id":697,"date":"2022-05-24T13:09:38","date_gmt":"2022-05-24T13:09:38","guid":{"rendered":"https:\/\/www.zmianadlaklimatu.pl\/?page_id=697"},"modified":"2022-05-24T13:09:38","modified_gmt":"2022-05-24T13:09:38","slug":"wesprzyj-nas","status":"publish","type":"page","link":"https:\/\/www.zmianadlaklimatu.pl\/index.php\/wesprzyj-nas\/","title":{"rendered":"Wesprzyj nas"},"content":{"rendered":"\n<p>Mo\u017cesz nas wesprze\u0107 na r\u00f3\u017cne sposoby &#8211; albo przez podj\u0119cie wsp\u00f3\u0142pracy (np. zostanie wolontariuszem i udzia\u0142 w wybranych projektach) albo przez dokonanie wp\u0142aty na cele Fundacji.<\/p>\n\n\n\n<p>Wp\u0142at dokonywa\u0107 mo\u017cna na konto:<\/p>\n\n\n\n<p>38 1140 2004 0000 3002 8243 0117<\/p>\n\n\n\n<p>Fundacja Zmiana Dla Klimatu<\/p>\n\n\n\n<p>61-626 Pozna\u0144<\/p>\n\n\n\n<p>ul. Szel\u0105gowska 49<\/p>\n\n\n\n<p>Je\u015bli chcesz, by \u015brodki spo\u017cytkowane zosta\u0142y celowo na konkretny projekt &#8211; w tytule przelewu wpisz nazw\u0119 konkretnego projektu. Lista projekt\u00f3w znajduje si\u0119 w menu lub na stronie <a href=\"https:\/\/www.zmianadlaklimatu.pl\/index.php\/projekty\/\" target=\"_blank\" rel=\"noreferrer noopener\">Projekty <\/a><\/p>\n\n\n\n<p>Dzi\u0119kujemy! \ud83d\ude42<\/p>\n","protected":false},"excerpt":{"rendered":"<p>Mo\u017cesz nas wesprze\u0107 na r\u00f3\u017cne sposoby &#8211; albo przez podj\u0119cie wsp\u00f3\u0142pracy (np. zostanie wolontariuszem i udzia\u0142 w wybranych projektach) albo przez dokonanie wp\u0142aty na cele Fundacji. Wp\u0142at dokonywa\u0107 mo\u017cna na konto: 38 1140 2004 0000 3002 8243 0117 Fundacja Zmiana Dla Klimatu 61-626 Pozna\u0144 ul. Szel\u0105gowska 49 Je\u015bli chcesz, by \u015brodki spo\u017cytkowane zosta\u0142y celowo na [&hellip;]<\/p>\n","protected":false},"author":1,"featured_media":0,"parent":0,"menu_order":0,"comment_status":"closed","ping_status":"closed","template":"","meta":{"ub_ctt_via":"","_monsterinsights_skip_tracking":false,"_monsterinsights_sitenote_active":false,"_monsterinsights_sitenote_note":"","_monsterinsights_sitenote_category":0,"footnotes":""},"featured_image_src":null,"_links":{"self":[{"href":"https:\/\/www.zmianadlaklimatu.pl\/index.php\/wp-json\/wp\/v2\/pages\/697"}],"collection":[{"href":"https:\/\/www.zmianadlaklimatu.pl\/index.php\/wp-json\/wp\/v2\/pages"}],"about":[{"href":"https:\/\/www.zmianadlaklimatu.pl\/index.php\/wp-json\/wp\/v2\/types\/page"}],"author":[{"embeddable":true,"href":"https:\/\/www.zmianadlaklimatu.pl\/index.php\/wp-json\/wp\/v2\/users\/1"}],"replies":[{"embeddable":true,"href":"https:\/\/www.zmianadlaklimatu.pl\/index.php\/wp-json\/wp\/v2\/comments?post=697"}],"version-history":[{"count":1,"href":"https:\/\/www.zmianadlaklimatu.pl\/index.php\/wp-json\/wp\/v2\/pages\/697\/revisions"}],"predecessor-version":[{"id":699,"href":"https:\/\/www.zmianadlaklimatu.pl\/index.php\/wp-json\/wp\/v2\/pages\/697\/revisions\/699"}],"wp:attachment":[{"href":"https:\/\/www.zmianadlaklimatu.pl\/index.php\/wp-json\/wp\/v2\/media?parent=697"}],"curies":[{"name":"wp","href":"https:\/\/api.w.org\/{rel}","templated":true}]}}