{"id":535,"date":"2022-03-21T20:39:22","date_gmt":"2022-03-21T20:39:22","guid":{"rendered":"https:\/\/www.zmianadlaklimatu.pl\/?page_id=535"},"modified":"2022-03-23T16:44:55","modified_gmt":"2022-03-23T16:44:55","slug":"kontakt","status":"publish","type":"page","link":"https:\/\/www.zmianadlaklimatu.pl\/index.php\/kontakt\/","title":{"rendered":"Kontakt"},"content":{"rendered":"\n<p>Fundacja Zmiana Dla Klimatu, ul. Szel\u0105gowska 49, 61-626 Pozna\u0144<\/p>\n\n\n\n<p>zmianadlaklimatu@gmail.com<\/p>\n\n\n\n<p>NIP 9721325808, S\u0105d Rejonowy Pozna\u0144-Nowe Miasto i Wilda w Poznaniu, KRS 0000961858<\/p>\n\n\n\n<blockquote class=\"wp-block-quote is-style-large\"><p>To my mo\u017cemy co\u015b zmieni\u0107. Ja mog\u0119 zmieni\u0107, Ty mo\u017cesz zmieni\u0107.<\/p><\/blockquote>\n\n\n\n<h4 class=\"wp-block-heading\">Chcesz co\u015b zrobi\u0107 w sprawie klimatu? Do\u0142\u0105cz do nas!<\/h4>\n\n\n\n<ol><li>Jeste\u015b zatroskany o sprawy kryzysu klimatycznego?<\/li><li>Tw\u00f3j region zosta\u0142 dotkni\u0119ty skutkami gwa\u0142townych wydarze\u0144 pogodowych w tym roku?<\/li><li>Mo\u017ce masz dzieci, o kt\u00f3rych przysz\u0142o\u015b\u0107 martwisz si\u0119 \u2013 w jakich warunkach i w jakim \u015bwiecie przyjdzie im dzia\u0142a\u0107, funkcjonowa\u0107?<\/li><li>Wkurza Ci\u0119 brak dzia\u0142a\u0144 ze strony polityk\u00f3w, korporacji, instytucji w tych sprawach?<\/li><\/ol>\n\n\n\n<p>Je\u015bli na kt\u00f3rekolwiek powy\u017csze pytanie odpowiedzia\u0142e\u015b \u201eTAK\u201d \u2013 zapraszamy Ci\u0119 do do\u0142\u0105czenia do naszego pozytywnego ruchu obywatelskiego, kt\u00f3rego za\u0142o\u017ceniem jest oddolne wprowadzanie zmian we w\u0142asnym \u017cyciu.<\/p>\n\n\n\n<h4 class=\"wp-block-heading\">Napisz do nas na ZMIANADLAKLIMATU@GMAIL.COM, z informacjami, w jakim rejonie mo\u017cesz dzia\u0142a\u0107 (obszar terytorialny lub internetowy), pod jak\u0105 spo\u015br\u00f3d poni\u017cszych form:<\/h4>\n\n\n\n<ul><li>Public Relations i social media, pisanie, podcasty<\/li><li>IT,<\/li><li>Grafika, video,<\/li><\/ul>\n\n\n\n<p>oraz w jakim temacie dzia\u0142ania chcia\u0142by\u015b \/ m\u00f3g\u0142by\u015b dzia\u0142a\u0107<\/p>\n\n\n\n<ul><li>Obszar polityki, rozporz\u0105dze\u0144, prawa<\/li><li>Sektor produkt\u00f3w i us\u0142ug,<\/li><li>ochrona \u015brodowiska,<\/li><li>jaki\u015b konkretny projekt (zak\u0142adka <a rel=\"noreferrer noopener\" href=\"http:\/\/www.zmianadlaklimatu.pl\/index.php\/projekty\/\" target=\"_blank\">Projekty&gt;<\/a>).<\/li><\/ul>\n\n\n\n<p>By\u0107 mo\u017ce masz do\u015b\u0107 biernego przygl\u0105dania si\u0119 biernie modelowi dalszej destrukcji klimatu i \u015brodowiska, kt\u00f3ry promowany jest w mediach?<\/p>\n\n\n\n<h4 class=\"wp-block-heading\">Przygotowujemy og\u00f3lnopolsk\u0105 akcj\u0119 maj\u0105c\u0105 na celu wywo\u0142a\u0107 konstruktywn\u0105 presj\u0119 na polityk\u00f3w i rz\u0105dz\u0105cych w sprawie klimatu i ochrony \u015brodowiska.<\/h4>\n\n\n\n<p>By\u0107 mo\u017ce zastanawiasz si\u0119, z jakim skutkiem dla \u015brodowiska naturalnego wymieniamy telefony, komputery, samochody na nowe, zamieszkujemy w coraz wi\u0119kszych i lepiej wyposa\u017conych mieszkaniach albo wyrzucamy stare przedmioty, w kt\u00f3rych zepsu\u0142a si\u0119 ma\u0142a, drobna, bli\u017cej nie ustalona cz\u0119\u015b\u0107, kt\u00f3rej nie op\u0142aca si\u0119 wymienia\u0107?<\/p>\n\n\n\n<h4 class=\"wp-block-heading\">Na zapleczu pracujemy nad strategi\u0105 maj\u0105c\u0105 na celu wp\u0142yni\u0119cie na sposoby post\u0119powania firm i korporacji.<\/h4>\n\n\n\n<p>W celu przygotowania akcji tworzymy aktualnie sie\u0107 lokalnych organizator\u00f3w spotka\u0144 i grup roboczych. Nie b\u0119dziemy protestowa\u0107 w stylu xR, zamierzamy podejmowa\u0107 jedynie pozytywne dzia\u0142ania komunikacyjne, polegaj\u0105ce na przyj\u0119ciu nowego modelu funkcjonowania, jego propagowaniu oraz wywieraniu inteligentnych nacisk\u00f3w medialnych na rz\u0105dz\u0105cych i firmy.<\/p>\n\n\n\n<h4 class=\"wp-block-heading\">Nie zamierzamy ogl\u0105da\u0107 si\u0119 na innych. To my jeste\u015bmy powodem, dla kt\u00f3rego sprawy tak wygl\u0105daj\u0105.<\/h4>\n\n\n\n<p>Czas sko\u0144czy\u0107 z usprawiedliwieniami: \u201eto rz\u0105d \/ politycy \/ firmy \/ instytucje powinny co\u015b z tym zrobi\u0107\u201d. Jednak to nikt inny, tylko obywatele, kupuj\u0105 nowe telefony kom\u00f3rkowe, cho\u0107 stare mog\u0142yby zosta\u0107 naprawione; to nikt inny \u2013 tylko MY \u2013 kupujemy przedmioty, kt\u00f3re r\u00f3wnie dobrze mogliby\u015bmy po\u017cyczy\u0107, a potem odk\u0142adamy je na 364 dni do szafy. To my sami marzymy o zagranicznych wakacjach, na kt\u00f3re polecimy samolotem do ciep\u0142ych kraj\u00f3w. Nikt inny \u2013 tylko my \u2013 kupuje nadmiar ubra\u0144, by ostatecznie z wielu z nich praktycznie nigdy nie skorzysta\u0107.<\/p>\n\n\n\n<p>W\u0142a\u015bnie z powodu braku naszych dzia\u0142a\u0144 ca\u0142y system destrukcji \u015brodowiska naturalnego mo\u017ce dalej kr\u0119ci\u0107 si\u0119, nap\u0119dza\u0107, dzia\u0142a\u0107. <\/p>\n\n\n\n<h4 class=\"wp-block-heading\">Bez nas ten system musi stan\u0105\u0107 w miejscu: je\u015bli nie b\u0119dzie komu sprzeda\u0107 miliard\u00f3w ubra\u0144 kiepskiej jako\u015bci, kt\u00f3rych celem jest przetrwa\u0107 tylko najbli\u017cszy, trzy- cztero-miesi\u0119czny sezon, firmy przestan\u0105 takie ubrania produkowa\u0107.<\/h4>\n","protected":false},"excerpt":{"rendered":"<p>Fundacja Zmiana Dla Klimatu, ul. Szel\u0105gowska 49, 61-626 Pozna\u0144 zmianadlaklimatu@gmail.com NIP 9721325808, S\u0105d Rejonowy Pozna\u0144-Nowe Miasto i Wilda w Poznaniu, KRS 0000961858 To my mo\u017cemy co\u015b zmieni\u0107. Ja mog\u0119 zmieni\u0107, Ty mo\u017cesz zmieni\u0107. Chcesz co\u015b zrobi\u0107 w sprawie klimatu? Do\u0142\u0105cz do nas! Jeste\u015b zatroskany o sprawy kryzysu klimatycznego? Tw\u00f3j region zosta\u0142 dotkni\u0119ty skutkami gwa\u0142townych wydarze\u0144 [&hellip;]<\/p>\n","protected":false},"author":1,"featured_media":0,"parent":0,"menu_order":0,"comment_status":"closed","ping_status":"closed","template":"","meta":{"ub_ctt_via":"","_monsterinsights_skip_tracking":false,"_monsterinsights_sitenote_active":false,"_monsterinsights_sitenote_note":"","_monsterinsights_sitenote_category":0,"footnotes":""},"featured_image_src":null,"_links":{"self":[{"href":"https:\/\/www.zmianadlaklimatu.pl\/index.php\/wp-json\/wp\/v2\/pages\/535"}],"collection":[{"href":"https:\/\/www.zmianadlaklimatu.pl\/index.php\/wp-json\/wp\/v2\/pages"}],"about":[{"href":"https:\/\/www.zmianadlaklimatu.pl\/index.php\/wp-json\/wp\/v2\/types\/page"}],"author":[{"embeddable":true,"href":"https:\/\/www.zmianadlaklimatu.pl\/index.php\/wp-json\/wp\/v2\/users\/1"}],"replies":[{"embeddable":true,"href":"https:\/\/www.zmianadlaklimatu.pl\/index.php\/wp-json\/wp\/v2\/comments?post=535"}],"version-history":[{"count":5,"href":"https:\/\/www.zmianadlaklimatu.pl\/index.php\/wp-json\/wp\/v2\/pages\/535\/revisions"}],"predecessor-version":[{"id":589,"href":"https:\/\/www.zmianadlaklimatu.pl\/index.php\/wp-json\/wp\/v2\/pages\/535\/revisions\/589"}],"wp:attachment":[{"href":"https:\/\/www.zmianadlaklimatu.pl\/index.php\/wp-json\/wp\/v2\/media?parent=535"}],"curies":[{"name":"wp","href":"https:\/\/api.w.org\/{rel}","templated":true}]}}