{"id":42,"date":"2021-11-10T12:28:32","date_gmt":"2021-11-10T12:28:32","guid":{"rendered":"http:\/\/www.zmianadlaklimatu.pl\/?page_id=42"},"modified":"2022-03-28T09:33:31","modified_gmt":"2022-03-28T09:33:31","slug":"misja-wizja","status":"publish","type":"page","link":"https:\/\/www.zmianadlaklimatu.pl\/index.php\/misja-wizja\/","title":{"rendered":"Misja i wizja"},"content":{"rendered":"\n<figure class=\"wp-block-pullquote\"><blockquote><p>To my mo\u017cemy co\u015b zmieni\u0107. Ja mog\u0119 zmieni\u0107, Ty mo\u017cesz zmieni\u0107.<\/p><cite> je\u015bli chcesz do nas do\u0142\u0105czy\u0107, napisz na &#8222;zmianadlaklimatu@gmail.com&#8221; <\/cite><\/blockquote><\/figure>\n\n\n\n<figure class=\"wp-block-pullquote\"><blockquote><p><strong>Misja Fundacji Zmiana Dla Klimatu<\/strong><\/p><\/blockquote><\/figure>\n\n\n\n<p><\/p>\n\n\n\n<h4 class=\"wp-block-heading\">Zmiana Dla Klimatu jest inicjatyw\u0105, kt\u00f3rej dzia\u0142ania maj\u0105 na celu<strong> wzmacnianie i wspieranie wszelkich rozwi\u0105za\u0144 prowadz\u0105cych do powstrzymania ocieplenia klimatu na poziomie poni\u017cej 1,5stopnia<\/strong> oraz <strong>adaptacji do zmiany klimatu<\/strong>, w obszarach zbie\u017cnych z 17 celami Zr\u00f3wnowa\u017conego Rozwoju wskazanych w Agendzie2030 ONZ oraz w dokumentach strategicznych Polski w zakresie transformacji energetycznej oraz polityki ekologicznej pa\u0144stwa.<\/h4>\n\n\n\n<p><\/p>\n\n\n\n<figure class=\"wp-block-pullquote\"><blockquote><p><strong>Wizja<\/strong> <strong>Fundacji Zmiana Dla Klimatu<\/strong><\/p><\/blockquote><\/figure>\n\n\n\n<p><\/p>\n\n\n\n<h4 class=\"wp-block-heading\">Wizj\u0105 Zmiany Dla Klimatu jest<strong> \u015awiat, w kt\u00f3rym uda\u0142o si\u0119 powstrzyma\u0107 ocieplenie klimatu na poziomie 1,5stopnia do roku 2100 <\/strong>w stosunku do temperatur sprzed epoki przemys\u0142owej, oraz <strong>przystosowa\u0107 si\u0119 spo\u0142eczno\u015bciom do zmian klimatu w spos\u00f3b zr\u00f3wnowa\u017cony<\/strong>, osi\u0105gaj\u0105c r\u00f3wnowag\u0119 w rozwoju cywilizacyjnym, uwzgl\u0119dniaj\u0105cy zachowanie bior\u00f3\u017cnorodno\u015bci i r\u00f3wnowag\u0119 ekosystem\u00f3w oraz sprawiedliwy dost\u0119p do d\u00f3br i zasob\u00f3w naturalnych dla mieszka\u0144c\u00f3w r\u00f3\u017cnych cz\u0119\u015bci Globu.<\/h4>\n\n\n\n<p><\/p>\n\n\n\n<figure class=\"wp-block-pullquote\"><blockquote><p><strong>Strategia Fundacji Zmiana Dla Klimatu<\/strong><\/p><\/blockquote><\/figure>\n\n\n\n<p><\/p>\n\n\n\n<h4 class=\"wp-block-heading\">Strategi\u0105 organizacji jest<strong> facylitacja proces\u00f3w transformacji na zr\u00f3wnowa\u017con\u0105 gospodark\u0119 w obszarach przyspieszaj\u0105cych mitygacj\u0119 zmian klimatycznych w Polsce i Unii Europejskiej, poprzez<\/strong> tworzenie narz\u0119dzi monitoringu polityki klimatycznej w\u0142adz i biznesu oraz zach\u0119canie do zmian zachowa\u0144 konsumenckich. <\/h4>\n\n\n\n<h4 class=\"wp-block-heading\"><strong>Wspieramy r\u00f3wnie\u017c wsp\u00f3\u0142prac\u0119 \u015brodowisk naukowych, politycznych i przedsi\u0119biorczych, w celu zapewnienia warunk\u00f3w dla prawnego, instytucjonalnego i gospodarczego zmieniania mechanizm\u00f3w wolnego rynku na zr\u00f3wnowa\u017cone i realizuj\u0105ce cel zatrzymania ocieplenia na poziomie 1,5 stopnia. Fundacja b\u0119dzie si\u0119 stara\u0142a upowszechnia\u0107 ten model r\u00f3wnie\u017c poza Uni\u0105 Europejsk\u0105, szczeg\u00f3lnie w krajach maj\u0105cych istotny wp\u0142yw na stan klimatu.<\/strong><\/h4>\n\n\n\n<p><\/p>\n\n\n\n<figure class=\"wp-block-pullquote\"><blockquote><p><strong>Sposoby dzia\u0142ania<\/strong> Fundacji Zmiana Dla Klimatu<\/p><\/blockquote><\/figure>\n\n\n\n<p><\/p>\n\n\n\n<h4 class=\"wp-block-heading\">Inicjatywa dzia\u0142a odnajduj\u0105c, wzmacniaj\u0105c i wsp\u00f3\u0142tworz\u0105c docelowe standardy rozwi\u0105za\u0144 w obszarze gospodarki, produkcji, \u017cycia codziennego i prawa, promuj\u0105c modele produkcji i us\u0142ug, kt\u00f3re umo\u017cliwi\u0105 cel g\u0142\u00f3wny; realizuje projekty wytwarzaj\u0105ce realn\u0105 zmian\u0119 w rynku, jak r\u00f3wnie\u017c tworzy sieci kontakt\u00f3w pozwalaj\u0105cych przyspieszy\u0107 wdro\u017cenia w poszczeg\u00f3lnych obszarach.<\/h4>\n\n\n\n<p><\/p>\n\n\n\n<h4 class=\"has-text-align-center has-medium-font-size wp-block-heading\"><em>Inicjatywa powsta\u0142a w 2021 roku w Poznaniu (Polska)<\/em><\/h4>\n\n\n\n<p><\/p>\n","protected":false},"excerpt":{"rendered":"<p>To my mo\u017cemy co\u015b zmieni\u0107. Ja mog\u0119 zmieni\u0107, Ty mo\u017cesz zmieni\u0107. je\u015bli chcesz do nas do\u0142\u0105czy\u0107, napisz na &#8222;zmianadlaklimatu@gmail.com&#8221; Misja Fundacji Zmiana Dla Klimatu Zmiana Dla Klimatu jest inicjatyw\u0105, kt\u00f3rej dzia\u0142ania maj\u0105 na celu wzmacnianie i wspieranie wszelkich rozwi\u0105za\u0144 prowadz\u0105cych do powstrzymania ocieplenia klimatu na poziomie poni\u017cej 1,5stopnia oraz adaptacji do zmiany klimatu, w obszarach [&hellip;]<\/p>\n","protected":false},"author":1,"featured_media":0,"parent":0,"menu_order":0,"comment_status":"closed","ping_status":"closed","template":"","meta":{"ub_ctt_via":"","_monsterinsights_skip_tracking":false,"_monsterinsights_sitenote_active":false,"_monsterinsights_sitenote_note":"","_monsterinsights_sitenote_category":0,"footnotes":""},"featured_image_src":null,"_links":{"self":[{"href":"https:\/\/www.zmianadlaklimatu.pl\/index.php\/wp-json\/wp\/v2\/pages\/42"}],"collection":[{"href":"https:\/\/www.zmianadlaklimatu.pl\/index.php\/wp-json\/wp\/v2\/pages"}],"about":[{"href":"https:\/\/www.zmianadlaklimatu.pl\/index.php\/wp-json\/wp\/v2\/types\/page"}],"author":[{"embeddable":true,"href":"https:\/\/www.zmianadlaklimatu.pl\/index.php\/wp-json\/wp\/v2\/users\/1"}],"replies":[{"embeddable":true,"href":"https:\/\/www.zmianadlaklimatu.pl\/index.php\/wp-json\/wp\/v2\/comments?post=42"}],"version-history":[{"count":27,"href":"https:\/\/www.zmianadlaklimatu.pl\/index.php\/wp-json\/wp\/v2\/pages\/42\/revisions"}],"predecessor-version":[{"id":628,"href":"https:\/\/www.zmianadlaklimatu.pl\/index.php\/wp-json\/wp\/v2\/pages\/42\/revisions\/628"}],"wp:attachment":[{"href":"https:\/\/www.zmianadlaklimatu.pl\/index.php\/wp-json\/wp\/v2\/media?parent=42"}],"curies":[{"name":"wp","href":"https:\/\/api.w.org\/{rel}","templated":true}]}}