{"id":408,"date":"2021-12-01T11:56:25","date_gmt":"2021-12-01T11:56:25","guid":{"rendered":"https:\/\/www.zmianadlaklimatu.pl\/?page_id=408"},"modified":"2022-03-21T12:59:54","modified_gmt":"2022-03-21T12:59:54","slug":"chciec-mniej","status":"publish","type":"page","link":"https:\/\/www.zmianadlaklimatu.pl\/index.php\/projekty\/chciec-mniej\/","title":{"rendered":"&#8222;Chciej mniej!&#8221;"},"content":{"rendered":"<div class=\"wp-block-ub-content-toggle\" id=\"ub-content-toggle-0c28ac5e-3017-4e38-90e9-843b99feb3ba\" data-mobilecollapse=\"true\" data-desktopcollapse=\"false\">\n<div class=\"no-border wp-block-ub-content-toggle-accordion\" id=\"ub-content-toggle-panel-block-\">\n                <div class=\"wp-block-ub-content-toggle-accordion-title-wrap\"\" aria-controls=\"ub-content-toggle-panel-0-0c28ac5e-3017-4e38-90e9-843b99feb3ba\" tabindex=\"0\">\n                    <p class=\"wp-block-ub-content-toggle-accordion-title ub-content-toggle-title-0c28ac5e-3017-4e38-90e9-843b99feb3ba\">Celem projektu jest rozpowszechnienie przekonania, \u017ce osobista <strong>przemiana w stosunku do statusu posiadania jest kluczowe dla uratowania przed totatlnym kryzysem klimatycznym<\/strong>.<\/p><div class=\"wp-block-ub-content-toggle-accordion-toggle-wrap left\"><span class=\"wp-block-ub-content-toggle-accordion-state-indicator wp-block-ub-chevron-down open\"><\/span>\n                    <\/div><\/div><div role=\"region\" aria-expanded=\"true\" class=\"wp-block-ub-content-toggle-accordion-content-wrap\" id=\"ub-content-toggle-panel-0-0c28ac5e-3017-4e38-90e9-843b99feb3ba\">\n\n<div class=\"wp-block-columns is-layout-flex wp-container-core-columns-layout-1 wp-block-columns-is-layout-flex\">\n<div class=\"wp-block-column is-layout-flow wp-block-column-is-layout-flow\" style=\"flex-basis:50%\">\n<p><\/p>\n\n\n\n<p>Nie mo\u017cemy oczekiwa\u0107 tylko od rz\u0105d\u00f3w i firm zmian &#8211; sami r\u00f3wnie\u017c musimy si\u0119 zmieni\u0107. Problem kryzysu klimatycznego wynika z niezr\u00f3wnowa\u017conego sposobu funkcjonowania gospodarek opartych na konsumpcyjnym modelu powi\u0119kszania stanu swojego posiadania &#8211; bez jakichkolwiek ogranicze\u0144, poza poziomem w\u0142asnych finans\u00f3w.<\/p>\n\n\n\n<p><\/p>\n<\/div>\n\n\n\n<div class=\"wp-block-column is-layout-flow wp-block-column-is-layout-flow\" style=\"flex-basis:50%\">\n<p><\/p>\n\n\n\n<p>Dla wi\u0119kszo\u015bci ludzi po\u017c\u0105dany jest stan posiadania wi\u0119kszej ilo\u015bci rzeczy, rzeczy nowszych, funkcjonalnych, wi\u0119kszych mieszka\u0144, etc. Taki stan rzeczy skutkuje olbrzymimi kosztami \u015brodowiskowymi ponoszonymi przez nasz\u0105 Planet\u0119.<\/p>\n<\/div>\n<\/div>\n\n<\/div><\/div>\n\n<div class=\"no-border wp-block-ub-content-toggle-accordion\" id=\"ub-content-toggle-panel-block-\">\n                <div class=\"wp-block-ub-content-toggle-accordion-title-wrap\"\" aria-controls=\"ub-content-toggle-panel-1-0c28ac5e-3017-4e38-90e9-843b99feb3ba\" tabindex=\"0\">\n                    <p class=\"wp-block-ub-content-toggle-accordion-title ub-content-toggle-title-0c28ac5e-3017-4e38-90e9-843b99feb3ba\">Chciej mniej to nawi\u0105zanie do LESS IS MORE &#8211; powiedzenia jednego z najwi\u0119kszych architekt\u00f3w XX wieku<\/p><div class=\"wp-block-ub-content-toggle-accordion-toggle-wrap left\"><span class=\"wp-block-ub-content-toggle-accordion-state-indicator wp-block-ub-chevron-down open\"><\/span>\n                    <\/div><\/div><div role=\"region\" aria-expanded=\"true\" class=\"wp-block-ub-content-toggle-accordion-content-wrap\" id=\"ub-content-toggle-panel-1-0c28ac5e-3017-4e38-90e9-843b99feb3ba\">\n\n<div class=\"wp-block-columns is-layout-flex wp-container-core-columns-layout-2 wp-block-columns-is-layout-flex\">\n<div class=\"wp-block-column is-layout-flow wp-block-column-is-layout-flow\" style=\"flex-basis:50%\">\n<p><\/p>\n\n\n\n<p>Projekt &#8222;Chcie\u0107 mniej&#8221; nawi\u0105zuje w swoich za\u0142o\u017ceniach do has\u0142a jednego z najwi\u0119kszych architekt\u00f3w XX wieku &#8211; Ludwiga Miesa van der Rohe <strong>&#8222;LESS IS MORE&#8221;<\/strong>. Architekt ten co prawda g\u0142osi\u0142 idee minimalizmu w architekturze, tworz\u0105c cz\u0119sto luksusowe i du\u017ce powierzchnie z minimalnym poziomem dekoracji, wyposa\u017cenia.<\/p>\n\n\n\n<p> <\/p>\n<\/div>\n\n\n\n<div class=\"wp-block-column is-layout-flow wp-block-column-is-layout-flow\" style=\"flex-basis:50%\">\n<p><\/p>\n\n\n\n<p>W naszych za\u0142o\u017ceniach &#8222;chcie\u0107 mniej&#8221; to swego rodzaju oksymoron: zazwyczaj chcenie dotyczy powi\u0119kszenia ilo\u015bci rzeczy. Dzieci &#8222;chc\u0105&#8221; kupna zabawki, doro\u015bli &#8222;chc\u0105&#8221; mieszka\u0144, samochod\u00f3w. My zach\u0119camy, by <strong>chcie\u0107 minimum<\/strong>. Rzadko kiedy &#8222;chcemy&#8221; pomniejszy\u0107 ilo\u015b\u0107 tego, co posiadamy. Dzisiaj jednak pewne jest, \u017ce to, co zabierzemy dla siebie w naszych bogatych zachodnich spo\u0142ecze\u0144stwach &#8211; odbieramy naszym w\u0142asnym dzieciom.<\/p>\n<\/div>\n<\/div>\n\n<\/div><\/div>\n\n<div class=\"no-border wp-block-ub-content-toggle-accordion\" id=\"ub-content-toggle-panel-block-\">\n                <div class=\"wp-block-ub-content-toggle-accordion-title-wrap\"\" aria-controls=\"ub-content-toggle-panel-2-0c28ac5e-3017-4e38-90e9-843b99feb3ba\" tabindex=\"0\">\n                    <p class=\"wp-block-ub-content-toggle-accordion-title ub-content-toggle-title-0c28ac5e-3017-4e38-90e9-843b99feb3ba\">&#8222;CHCIE\u0106 MNIEJ&#8221; to promocja \u017cycia l\u017cejszego, bez obci\u0105\u017ce\u0144, bez przedmiot\u00f3w, kt\u00f3re nie s\u0105 niezb\u0119dne do \u017cycia.<\/p><div class=\"wp-block-ub-content-toggle-accordion-toggle-wrap left\"><span class=\"wp-block-ub-content-toggle-accordion-state-indicator wp-block-ub-chevron-down open\"><\/span>\n                    <\/div><\/div><div role=\"region\" aria-expanded=\"true\" class=\"wp-block-ub-content-toggle-accordion-content-wrap\" id=\"ub-content-toggle-panel-2-0c28ac5e-3017-4e38-90e9-843b99feb3ba\">\n\n<div class=\"wp-block-columns is-layout-flex wp-container-core-columns-layout-3 wp-block-columns-is-layout-flex\">\n<div class=\"wp-block-column is-layout-flow wp-block-column-is-layout-flow\" style=\"flex-basis:50%\">\n<p><\/p>\n\n\n\n<p>To promocja modeli wsp\u00f3lnego u\u017cytkowania rzeczy w zamian za ograniczanie ich wykorzystania przez zamykanie we w\u0142asnej przestrzeni domu, ogrodu, mieszkania. To zach\u0119ta do naprawiania starych przedmiot\u00f3w, raczej, ni\u017c kupowania nowych i wyrzucania starych na \u015bmietnik. <\/p>\n<\/div>\n\n\n\n<div class=\"wp-block-column is-layout-flow wp-block-column-is-layout-flow\" style=\"flex-basis:50%\">\n<p><\/p>\n\n\n\n<p>To pr\u00f3ba wytworzenia nowego spojrzenia na to, co jest &#8222;cool&#8221;, co jest modne a co jest powodem do wstydu i oznacza niszczenie \u015brodowiska naturalnego. Zamierzamy pi\u0119tnowa\u0107 powi\u0105zanie ekskluzywno\u015bci i nowo\u015bci z ekologi\u0105 i ochron\u0105 \u015brodowiska; \u017cadne nowo\u015bci nie mog\u0105 by\u0107 bardziej ekologiczne ni\u017c odpowiedni szacunek do ju\u017c istniej\u0105cej materii i odpowiednie obchodzenie si\u0119 z ni\u0105.<\/p>\n\n\n\n<p><\/p>\n<\/div>\n<\/div>\n\n<\/div><\/div>\n\n<div class=\"no-border wp-block-ub-content-toggle-accordion\" id=\"ub-content-toggle-panel-block-\">\n                <div class=\"wp-block-ub-content-toggle-accordion-title-wrap\"\" aria-controls=\"ub-content-toggle-panel-3-0c28ac5e-3017-4e38-90e9-843b99feb3ba\" tabindex=\"0\">\n                    <p class=\"wp-block-ub-content-toggle-accordion-title ub-content-toggle-title-0c28ac5e-3017-4e38-90e9-843b99feb3ba\">Stare india\u0144skie powiedzenie m\u00f3wi &#8222;Nie dziedziczymy ziemi po naszych przodkach &#8211; <strong>po\u017cyczamy j\u0105 od naszych dzieci<\/strong>&#8222;<\/p><div class=\"wp-block-ub-content-toggle-accordion-toggle-wrap left\"><span class=\"wp-block-ub-content-toggle-accordion-state-indicator wp-block-ub-chevron-down open\"><\/span>\n                    <\/div><\/div><div role=\"region\" aria-expanded=\"true\" class=\"wp-block-ub-content-toggle-accordion-content-wrap\" id=\"ub-content-toggle-panel-3-0c28ac5e-3017-4e38-90e9-843b99feb3ba\">\n\n<div class=\"wp-block-columns is-layout-flex wp-container-core-columns-layout-4 wp-block-columns-is-layout-flex\">\n<div class=\"wp-block-column is-layout-flow wp-block-column-is-layout-flow\" style=\"flex-basis:50%\">\n<p><\/p>\n\n\n\n<p>Chcemy zatrzyma\u0107 si\u0119 w tym biegu do posiadania wi\u0119kszej ilo\u015bci nowszych rzeczy, b\u0142yszcz\u0105cych, luksusowych, podbudowuj\u0105cych nasze ego, s\u0142u\u017c\u0105cych do pozycjonowania si\u0119 w stosunkach spo\u0142ecznych opartych na konsumpcji. <\/p>\n<\/div>\n\n\n\n<div class=\"wp-block-column is-layout-flow wp-block-column-is-layout-flow\" style=\"flex-basis:50%\">\n<p><\/p>\n\n\n\n<p>Promujemy rozumienie, \u017ce warto\u015b\u0107 drugiego cz\u0142owieka nie zale\u017cy od stanu posiadania, pozycji zawodowej, statusu materialnego, ubioru, mieszkania, samochodu. Warto\u015b\u0107 drugiego cz\u0142owieka nie podlega ocenie w kategoriach materialnych.<\/p>\n\n\n\n<p><\/p>\n<\/div>\n<\/div>\n\n<\/div><\/div>\n<\/div>\n\n\n<p><\/p>\n\n\n\n<h4 class=\"wp-block-heading\"><strong>Chcie\u0107 mniej &#8211; to chcie\u0107 dzieli\u0107 si\u0119 z innymi tym, co si\u0119 ma &#8211; nie pozbawiaj\u0105c si\u0119 tego, ale pozwalaj\u0105c innym korzysta\u0107 z tego, co sam mam. To wytworzenie nowych tre\u015bci w marketingu szeptanym w \u015brodowiskach proklimatycznych, ekologicznych, po\u015br\u00f3d aktywist\u00f3w.<\/strong><\/h4>\n","protected":false},"excerpt":{"rendered":"<p>Chcie\u0107 mniej &#8211; to chcie\u0107 dzieli\u0107 si\u0119 z innymi tym, co si\u0119 ma &#8211; nie pozbawiaj\u0105c si\u0119 tego, ale pozwalaj\u0105c innym korzysta\u0107 z tego, co sam mam. To wytworzenie nowych tre\u015bci w marketingu szeptanym w \u015brodowiskach proklimatycznych, ekologicznych, po\u015br\u00f3d aktywist\u00f3w.<\/p>\n","protected":false},"author":1,"featured_media":0,"parent":23,"menu_order":0,"comment_status":"closed","ping_status":"closed","template":"","meta":{"ub_ctt_via":"","_monsterinsights_skip_tracking":false,"_monsterinsights_sitenote_active":false,"_monsterinsights_sitenote_note":"","_monsterinsights_sitenote_category":0,"footnotes":""},"featured_image_src":null,"_links":{"self":[{"href":"https:\/\/www.zmianadlaklimatu.pl\/index.php\/wp-json\/wp\/v2\/pages\/408"}],"collection":[{"href":"https:\/\/www.zmianadlaklimatu.pl\/index.php\/wp-json\/wp\/v2\/pages"}],"about":[{"href":"https:\/\/www.zmianadlaklimatu.pl\/index.php\/wp-json\/wp\/v2\/types\/page"}],"author":[{"embeddable":true,"href":"https:\/\/www.zmianadlaklimatu.pl\/index.php\/wp-json\/wp\/v2\/users\/1"}],"replies":[{"embeddable":true,"href":"https:\/\/www.zmianadlaklimatu.pl\/index.php\/wp-json\/wp\/v2\/comments?post=408"}],"version-history":[{"count":13,"href":"https:\/\/www.zmianadlaklimatu.pl\/index.php\/wp-json\/wp\/v2\/pages\/408\/revisions"}],"predecessor-version":[{"id":523,"href":"https:\/\/www.zmianadlaklimatu.pl\/index.php\/wp-json\/wp\/v2\/pages\/408\/revisions\/523"}],"up":[{"embeddable":true,"href":"https:\/\/www.zmianadlaklimatu.pl\/index.php\/wp-json\/wp\/v2\/pages\/23"}],"wp:attachment":[{"href":"https:\/\/www.zmianadlaklimatu.pl\/index.php\/wp-json\/wp\/v2\/media?parent=408"}],"curies":[{"name":"wp","href":"https:\/\/api.w.org\/{rel}","templated":true}]}}