{"id":37,"date":"2021-11-10T12:09:32","date_gmt":"2021-11-10T12:09:32","guid":{"rendered":"http:\/\/www.zmianadlaklimatu.pl\/?page_id=37"},"modified":"2022-03-23T17:03:55","modified_gmt":"2022-03-23T17:03:55","slug":"madre-opakowanie","status":"publish","type":"page","link":"https:\/\/www.zmianadlaklimatu.pl\/index.php\/projekty\/madre-opakowanie\/","title":{"rendered":"M\u0105dre opakowanie"},"content":{"rendered":"<div class=\"wp-block-ub-content-toggle\" id=\"ub-content-toggle-30ffdac1-1400-4815-bb9d-41379373ece5\" data-mobilecollapse=\"false\" data-desktopcollapse=\"false\">\n<div class=\"no-border wp-block-ub-content-toggle-accordion\" id=\"ub-content-toggle-panel-block-\">\n                <div class=\"wp-block-ub-content-toggle-accordion-title-wrap\"\" aria-controls=\"ub-content-toggle-panel-0-30ffdac1-1400-4815-bb9d-41379373ece5\" tabindex=\"0\">\n                    <p class=\"wp-block-ub-content-toggle-accordion-title ub-content-toggle-title-30ffdac1-1400-4815-bb9d-41379373ece5\">CEL: promowanie ekologicznych technik opakowaniowych i proces\u00f3w dostarczania klientom produkt\u00f3w w zeroemisyjny, zr\u00f3wnowa\u017cony spos\u00f3b oraz pi\u0119tnowanie z\u0142ych praktyk. <\/p><div class=\"wp-block-ub-content-toggle-accordion-toggle-wrap left\"><span class=\"wp-block-ub-content-toggle-accordion-state-indicator wp-block-ub-chevron-down open\"><\/span>\n                    <\/div><\/div><div role=\"region\" aria-expanded=\"true\" class=\"wp-block-ub-content-toggle-accordion-content-wrap\" id=\"ub-content-toggle-panel-0-30ffdac1-1400-4815-bb9d-41379373ece5\">\n\n<div class=\"wp-block-columns is-layout-flex wp-container-core-columns-layout-1 wp-block-columns-is-layout-flex\">\n<div class=\"wp-block-column is-layout-flow wp-block-column-is-layout-flow\" style=\"flex-basis:50%\">\n<p><\/p>\n\n\n\n<p>Stopniowo <strong>analizom poddawa\u0107 b\u0119dziemy opakowania z r\u00f3\u017cnych bran\u017c<\/strong>, pocz\u0105wszy od \u015brodk\u00f3w chemicznych i spo\u017cywczych, przez kosmetyki, przedmioty codziennego u\u017cytku (elektronika), ko\u0144cz\u0105c na du\u017cych sprz\u0119tach specjalistycznych.<\/p>\n<\/div>\n\n\n\n<div class=\"wp-block-column is-layout-flow wp-block-column-is-layout-flow\" style=\"flex-basis:50%\">\n<p><\/p>\n\n\n\n<p>Kategoryzacja b\u0119dzie prowadzona na podstawie informacji uzyskiwanych od producent\u00f3w i deklaracji. Deklaratywno\u015b\u0107 nie oznacza, i\u017c parametry nie b\u0119d\u0105 sprawdzane, jednak to deklaracje s\u0105 podstaw\u0105 klasyfikacji. Brak odzewu ze strony producenta karana b\u0119dzie umieszczeniem na dole listy i przyznaniem 'czerwonej kartki&#8217;<\/p>\n\n\n\n<p><\/p>\n<\/div>\n<\/div>\n\n<\/div><\/div>\n\n<div class=\"no-border wp-block-ub-content-toggle-accordion\" id=\"ub-content-toggle-panel-block-\">\n                <div class=\"wp-block-ub-content-toggle-accordion-title-wrap\"\" aria-controls=\"ub-content-toggle-panel-1-30ffdac1-1400-4815-bb9d-41379373ece5\" tabindex=\"0\">\n                    <p class=\"wp-block-ub-content-toggle-accordion-title ub-content-toggle-title-30ffdac1-1400-4815-bb9d-41379373ece5\">Analizie poddawa\u0107 b\u0119dziemy szereg kluczowych dla konsumenta i ochrony klimatu informacji.<\/p><div class=\"wp-block-ub-content-toggle-accordion-toggle-wrap left\"><span class=\"wp-block-ub-content-toggle-accordion-state-indicator wp-block-ub-chevron-down open\"><\/span>\n                    <\/div><\/div><div role=\"region\" aria-expanded=\"true\" class=\"wp-block-ub-content-toggle-accordion-content-wrap\" id=\"ub-content-toggle-panel-1-30ffdac1-1400-4815-bb9d-41379373ece5\">\n\n<p><\/p>\n\n\n\n<p>Kluczowe informacje dla podj\u0119cia w\u0142a\u015bciwych konsumenckich decyzji dotycz\u0105 efektywno\u015bci ekologicznej materia\u0142\u00f3w, w postaci,m.in.:<\/p>\n\n\n\n<ul><li>stosunek wagi sprzedawanego towaru do wagi i obj\u0119to\u015bci opakowania, <\/li><li>materia\u0142y i ich recyklingowalno\u015b\u0107, <\/li><li>\u015blad w\u0119glowy i skutki chemiczne dla \u015brodowisk (m.in. typy druku, chemia stosowana do klej\u00f3w, etc.) <\/li><li>istnienie systemu zwrotu i ponownego wykorzystania, <\/li><li>stosowanie technologii bardzo szkodz\u0105cych \u015brodowisku lub przyjaznych \u015brodowisku.<\/li><\/ul>\n\n<\/div><\/div>\n\n<div class=\"no-border wp-block-ub-content-toggle-accordion\" id=\"ub-content-toggle-panel-block-\">\n                <div class=\"wp-block-ub-content-toggle-accordion-title-wrap\"\" aria-controls=\"ub-content-toggle-panel-2-30ffdac1-1400-4815-bb9d-41379373ece5\" tabindex=\"0\">\n                    <p class=\"wp-block-ub-content-toggle-accordion-title ub-content-toggle-title-30ffdac1-1400-4815-bb9d-41379373ece5\">Przyznawane b\u0119d\u0105 kategorie i nagrody w poszczeg\u00f3lnych kategoriach istotnych dla kwestii klimatycznych.<\/p><div class=\"wp-block-ub-content-toggle-accordion-toggle-wrap left\"><span class=\"wp-block-ub-content-toggle-accordion-state-indicator wp-block-ub-chevron-down open\"><\/span>\n                    <\/div><\/div><div role=\"region\" aria-expanded=\"true\" class=\"wp-block-ub-content-toggle-accordion-content-wrap\" id=\"ub-content-toggle-panel-2-30ffdac1-1400-4815-bb9d-41379373ece5\">\n\n<div class=\"wp-block-columns is-layout-flex wp-container-core-columns-layout-2 wp-block-columns-is-layout-flex\">\n<div class=\"wp-block-column is-layout-flow wp-block-column-is-layout-flow\" style=\"flex-basis:50%\">\n<p><\/p>\n\n\n\n<p>Ocenia\u0107 b\u0119dziemy: N<strong>ajbardziej ekologiczne opakowanie <\/strong>(w odniesieniu do konkurencji) oraz opakowania najbardziej szkodliwe, jak r\u00f3wnie\u017c szczero\u015b\u0107 opakowania (w minimalnym stopniu zniekszta\u0142caj\u0105cego obraz produktu) oraz nieszczero\u015b\u0107 maj\u0105c\u0105 na celu oszukiwanie klient\u00f3w w odbiorze rozmiaru czy przedmiotu sprzeda\u017cy.<\/p>\n<\/div>\n\n\n\n<div class=\"wp-block-column is-layout-flow wp-block-column-is-layout-flow\" style=\"flex-basis:50%\">\n<p><\/p>\n\n\n\n<p>Przyznawana b\u0119dzie opakowaniom r\u00f3wnie\u017c punktacja w skali &#8211; w miar\u0119 mo\u017cliwo\u015bci zobiektywizowanej wzgl\u0119dem idea\u0142u &#8222;zeroemisyjnego&#8221; i &#8222;zr\u00f3wnowa\u017conego&#8221;.<\/p>\n<\/div>\n<\/div>\n\n<\/div><\/div>\n\n<div class=\"no-border wp-block-ub-content-toggle-accordion\" id=\"ub-content-toggle-panel-block-\">\n                <div class=\"wp-block-ub-content-toggle-accordion-title-wrap\"\" aria-controls=\"ub-content-toggle-panel-3-30ffdac1-1400-4815-bb9d-41379373ece5\" tabindex=\"0\">\n                    <p class=\"wp-block-ub-content-toggle-accordion-title ub-content-toggle-title-30ffdac1-1400-4815-bb9d-41379373ece5\">Nast\u0119pne kroki do podj\u0119cia w tym projekcie:<\/p><div class=\"wp-block-ub-content-toggle-accordion-toggle-wrap left\"><span class=\"wp-block-ub-content-toggle-accordion-state-indicator wp-block-ub-chevron-down open\"><\/span>\n                    <\/div><\/div><div role=\"region\" aria-expanded=\"true\" class=\"wp-block-ub-content-toggle-accordion-content-wrap\" id=\"ub-content-toggle-panel-3-30ffdac1-1400-4815-bb9d-41379373ece5\">\n\n<div class=\"wp-block-columns is-layout-flex wp-container-core-columns-layout-4 wp-block-columns-is-layout-flex\">\n<div class=\"wp-block-column is-layout-flow wp-block-column-is-layout-flow\" style=\"flex-basis:50%\">\n<div class=\"wp-block-columns is-layout-flex wp-container-core-columns-layout-3 wp-block-columns-is-layout-flex\">\n<div class=\"wp-block-column is-layout-flow wp-block-column-is-layout-flow\" style=\"flex-basis:100%\">\n<p>Podejmujemy aktualnie<strong> kontakt z naukowcami badaj\u0105cymi materia\u0142y opakowaniowe, oraz z chemikami od farb, druk\u00f3w, metali, plastik\u00f3w.<\/strong><\/p>\n<\/div>\n<\/div>\n<\/div>\n\n\n\n<div class=\"wp-block-column is-layout-flow wp-block-column-is-layout-flow\" style=\"flex-basis:50%\">\n<p><\/p>\n\n\n\n<p><strong>Utworzenie listy materia\u0142\u00f3w bardzo szkodliwych (lub okre\u015blenie typ\u00f3w wg szkodliwo\u015bci)<\/strong><\/p>\n\n\n\n<p>Nawi\u0105zanie wsp\u00f3\u0142pracy z innymi organizacjami pozarz\u0105dowymi dzia\u0142aj\u0105cymi w obszarze opakowa\u0144.<\/p>\n<\/div>\n<\/div>\n\n<\/div><\/div>\n<\/div>","protected":false},"excerpt":{"rendered":"","protected":false},"author":1,"featured_media":0,"parent":23,"menu_order":0,"comment_status":"closed","ping_status":"closed","template":"","meta":{"ub_ctt_via":"","_monsterinsights_skip_tracking":false,"_monsterinsights_sitenote_active":false,"_monsterinsights_sitenote_note":"","_monsterinsights_sitenote_category":0,"footnotes":""},"featured_image_src":null,"_links":{"self":[{"href":"https:\/\/www.zmianadlaklimatu.pl\/index.php\/wp-json\/wp\/v2\/pages\/37"}],"collection":[{"href":"https:\/\/www.zmianadlaklimatu.pl\/index.php\/wp-json\/wp\/v2\/pages"}],"about":[{"href":"https:\/\/www.zmianadlaklimatu.pl\/index.php\/wp-json\/wp\/v2\/types\/page"}],"author":[{"embeddable":true,"href":"https:\/\/www.zmianadlaklimatu.pl\/index.php\/wp-json\/wp\/v2\/users\/1"}],"replies":[{"embeddable":true,"href":"https:\/\/www.zmianadlaklimatu.pl\/index.php\/wp-json\/wp\/v2\/comments?post=37"}],"version-history":[{"count":9,"href":"https:\/\/www.zmianadlaklimatu.pl\/index.php\/wp-json\/wp\/v2\/pages\/37\/revisions"}],"predecessor-version":[{"id":598,"href":"https:\/\/www.zmianadlaklimatu.pl\/index.php\/wp-json\/wp\/v2\/pages\/37\/revisions\/598"}],"up":[{"embeddable":true,"href":"https:\/\/www.zmianadlaklimatu.pl\/index.php\/wp-json\/wp\/v2\/pages\/23"}],"wp:attachment":[{"href":"https:\/\/www.zmianadlaklimatu.pl\/index.php\/wp-json\/wp\/v2\/media?parent=37"}],"curies":[{"name":"wp","href":"https:\/\/api.w.org\/{rel}","templated":true}]}}