{"id":23,"date":"2021-11-10T11:17:22","date_gmt":"2021-11-10T11:17:22","guid":{"rendered":"http:\/\/www.zmianadlaklimatu.pl\/?page_id=23"},"modified":"2022-03-23T20:27:02","modified_gmt":"2022-03-23T20:27:02","slug":"projekty","status":"publish","type":"page","link":"https:\/\/www.zmianadlaklimatu.pl\/index.php\/projekty\/","title":{"rendered":"Projekty"},"content":{"rendered":"\n<figure class=\"wp-block-pullquote\"><blockquote><p>To my mo\u017cemy co\u015b zmieni\u0107. Ja mog\u0119 zmieni\u0107, Ty mo\u017cesz zmieni\u0107.<\/p><cite>je\u015bli chcesz do nas do\u0142\u0105czy\u0107, napisz na zmianadlaklimatu@gmail.com<\/cite><\/blockquote><\/figure>\n\n\n\n<h3 class=\"wp-block-heading\">Projekty fundacji Zmiana Dla Klimatu:<\/h3>\n\n\n<div class=\"wp-block-ub-content-toggle\" id=\"ub-content-toggle-5eccb20b-5b05-40b9-b06c-cce400660994\" data-mobilecollapse=\"false\" data-desktopcollapse=\"true\">\n<div class=\"no-border wp-block-ub-content-toggle-accordion\" id=\"ub-content-toggle-panel-block-\">\n                <div class=\"wp-block-ub-content-toggle-accordion-title-wrap\"\" aria-controls=\"ub-content-toggle-panel-0-5eccb20b-5b05-40b9-b06c-cce400660994\" tabindex=\"0\">\n                    <p class=\"wp-block-ub-content-toggle-accordion-title ub-content-toggle-title-5eccb20b-5b05-40b9-b06c-cce400660994\">Miernik polityki klimatycznej kraju.<\/p><div class=\"wp-block-ub-content-toggle-accordion-toggle-wrap left\"><span class=\"wp-block-ub-content-toggle-accordion-state-indicator wp-block-ub-chevron-down open\"><\/span>\n                    <\/div><\/div><div role=\"region\" aria-expanded=\"true\" class=\"wp-block-ub-content-toggle-accordion-content-wrap\" id=\"ub-content-toggle-panel-0-5eccb20b-5b05-40b9-b06c-cce400660994\">\n\n<p><\/p>\n\n\n\n<p>Mi\u0119dzynarodowy projekt sieciowy, polegaj\u0105cy na utworzeniu sieci wolontariuszy monitoruj\u0105cych polityki klimatyczne w jak najwi\u0119kszej ilo\u015bci kraj\u00f3w na \u015bwiecie<\/p>\n\n\n\n<p><\/p>\n\n<\/div><\/div>\n\n<div class=\"no-border wp-block-ub-content-toggle-accordion\" id=\"ub-content-toggle-panel-block-\">\n                <div class=\"wp-block-ub-content-toggle-accordion-title-wrap\"\" aria-controls=\"ub-content-toggle-panel-1-5eccb20b-5b05-40b9-b06c-cce400660994\" tabindex=\"0\">\n                    <p class=\"wp-block-ub-content-toggle-accordion-title ub-content-toggle-title-5eccb20b-5b05-40b9-b06c-cce400660994\">Wsp\u00f3\u0142czynnik P\u00f3\u0142tora Stopnia<\/p><div class=\"wp-block-ub-content-toggle-accordion-toggle-wrap left\"><span class=\"wp-block-ub-content-toggle-accordion-state-indicator wp-block-ub-chevron-down open\"><\/span>\n                    <\/div><\/div><div role=\"region\" aria-expanded=\"true\" class=\"wp-block-ub-content-toggle-accordion-content-wrap\" id=\"ub-content-toggle-panel-1-5eccb20b-5b05-40b9-b06c-cce400660994\">\n\n<p><\/p>\n\n\n\n<p>Cele <strong>ograniczaj\u0105ce emisje <\/strong>musz\u0105 by\u0107 spe\u0142nione ca\u0142o\u015bciowo. Ograniczenie ca\u0142kowite jest jednak <strong>wynikiem ogranicze\u0144 cz\u0119\u015bciowych <\/strong>w poszczeg\u00f3lnych bran\u017cach. Nie wszystkie bran\u017ce powinni\u015bmy lub zdolne b\u0119d\u0105 do ograniczenia emisji w r\u00f3wnym stopniu. <\/p>\n\n\n\n<p>W d\u0142ugim terminie stawiamy sobie za cel wyznaczenie &#8211; dla poszczeg\u00f3lnych bran\u017c, dziedzin \u017cycia w poszczeg\u00f3lnych krajach &#8211;<strong> wsp\u00f3\u0142czynnik\u00f3w umo\u017cliwiaj\u0105cych prost\u0105 ocen\u0119 zgodno\u015bci przedsi\u0119wzi\u0119cia z celem powstrzymania ocieplenia <\/strong>na poziomie +1,5 stopnia.<\/p>\n\n\n\n<p>Wsp\u00f3\u0142czynnik ten b\u0119dzie uj\u0119ty w parametrach i jednostkach odpowiednich dla danej dziedziny, wynikowo z przelicznika ekwiwalentu CO2 \/ mieszka\u0144ca.<\/p>\n\n\n\n<p><\/p>\n\n<\/div><\/div>\n\n<div class=\"no-border wp-block-ub-content-toggle-accordion\" id=\"ub-content-toggle-panel-block-\">\n                <div class=\"wp-block-ub-content-toggle-accordion-title-wrap\"\" aria-controls=\"ub-content-toggle-panel-2-5eccb20b-5b05-40b9-b06c-cce400660994\" tabindex=\"0\">\n                    <p class=\"wp-block-ub-content-toggle-accordion-title ub-content-toggle-title-5eccb20b-5b05-40b9-b06c-cce400660994\">Architektura dla klimatu<\/p><div class=\"wp-block-ub-content-toggle-accordion-toggle-wrap left\"><span class=\"wp-block-ub-content-toggle-accordion-state-indicator wp-block-ub-chevron-down open\"><\/span>\n                    <\/div><\/div><div role=\"region\" aria-expanded=\"true\" class=\"wp-block-ub-content-toggle-accordion-content-wrap\" id=\"ub-content-toggle-panel-2-5eccb20b-5b05-40b9-b06c-cce400660994\">\n\n<p><\/p>\n\n\n\n<p>Projekt standaryzacji i wytycznych dla projektant\u00f3w i architekt\u00f3w, s\u0142u\u017c\u0105cy do optymalizowania budownictwa pod k\u0105tem wp\u0142ywu na \u015brodowisko, \u015bladu w\u0119glowego oraz u\u017cycia materia\u0142\u00f3w z sensem zr\u00f3wnowa\u017conego rozwoju.<\/p>\n\n\n\n<p><\/p>\n\n<\/div><\/div>\n\n<div class=\"no-border wp-block-ub-content-toggle-accordion\" id=\"ub-content-toggle-panel-block-\">\n                <div class=\"wp-block-ub-content-toggle-accordion-title-wrap\"\" aria-controls=\"ub-content-toggle-panel-3-5eccb20b-5b05-40b9-b06c-cce400660994\" tabindex=\"0\">\n                    <p class=\"wp-block-ub-content-toggle-accordion-title ub-content-toggle-title-5eccb20b-5b05-40b9-b06c-cce400660994\">Chciej Mniej!<\/p><div class=\"wp-block-ub-content-toggle-accordion-toggle-wrap left\"><span class=\"wp-block-ub-content-toggle-accordion-state-indicator wp-block-ub-chevron-down open\"><\/span>\n                    <\/div><\/div><div role=\"region\" aria-expanded=\"true\" class=\"wp-block-ub-content-toggle-accordion-content-wrap\" id=\"ub-content-toggle-panel-3-5eccb20b-5b05-40b9-b06c-cce400660994\">\n\n<p><\/p>\n\n\n\n<p>Projekt akcji medialnej promuj\u0105cej minimalizm konsumpcyjny, u\u017cywanie mniejszej ilo\u015bci rzeczy, przedmiot\u00f3w i energii, oparty na rezygnacji z d\u00f3br luksusowych oraz oczekiwa\u0144 wyg\u00f3rowanych standard\u00f3w \u017cycia.<\/p>\n\n\n\n<p><\/p>\n\n<\/div><\/div>\n\n<div class=\"no-border wp-block-ub-content-toggle-accordion\" id=\"ub-content-toggle-panel-block-\">\n                <div class=\"wp-block-ub-content-toggle-accordion-title-wrap\"\" aria-controls=\"ub-content-toggle-panel-4-5eccb20b-5b05-40b9-b06c-cce400660994\" tabindex=\"0\">\n                    <p class=\"wp-block-ub-content-toggle-accordion-title ub-content-toggle-title-5eccb20b-5b05-40b9-b06c-cce400660994\">Wydanie Kontrolowane<\/p><div class=\"wp-block-ub-content-toggle-accordion-toggle-wrap left\"><span class=\"wp-block-ub-content-toggle-accordion-state-indicator wp-block-ub-chevron-down open\"><\/span>\n                    <\/div><\/div><div role=\"region\" aria-expanded=\"true\" class=\"wp-block-ub-content-toggle-accordion-content-wrap\" id=\"ub-content-toggle-panel-4-5eccb20b-5b05-40b9-b06c-cce400660994\">\n\n<p><\/p>\n\n\n\n<p>Monitorowanie sposob\u00f3w wykorzystania papieru przez wydawnictwa i publikacje drukowane. Analizujemy ilo\u015b\u0107 tre\u015bci i u\u017cycie powierzchni, przygotowujemy ranking oraz klasyfikacj\u0119 a nast\u0119pnie przyznajemy oceny \/ rating poszczeg\u00f3lnym wydawcom, motywuj\u0105c ich w ten spos\u00f3b do wprowadzenia pro-\u015brodowiskowych zmian w swoich publikacjach.<\/p>\n\n\n\n<p><\/p>\n\n<\/div><\/div>\n\n<div class=\"no-border wp-block-ub-content-toggle-accordion\" id=\"ub-content-toggle-panel-block-\">\n                <div class=\"wp-block-ub-content-toggle-accordion-title-wrap\"\" aria-controls=\"ub-content-toggle-panel-5-5eccb20b-5b05-40b9-b06c-cce400660994\" tabindex=\"0\">\n                    <p class=\"wp-block-ub-content-toggle-accordion-title ub-content-toggle-title-5eccb20b-5b05-40b9-b06c-cce400660994\">Szczera Etykieta<\/p><div class=\"wp-block-ub-content-toggle-accordion-toggle-wrap left\"><span class=\"wp-block-ub-content-toggle-accordion-state-indicator wp-block-ub-chevron-down open\"><\/span>\n                    <\/div><\/div><div role=\"region\" aria-expanded=\"true\" class=\"wp-block-ub-content-toggle-accordion-content-wrap\" id=\"ub-content-toggle-panel-5-5eccb20b-5b05-40b9-b06c-cce400660994\">\n\n<p><\/p>\n\n\n\n<p>Projekt &#8222;Szczera Etykieta&#8221; ma na celu promocj\u0119 standardu umieszczania na etykietach produktowych pe\u0142nego zestawu informacji o \u015brodowiskowych skutkach danego produktu: od kompleksowego \u015bladu w\u0119glowego, przez sk\u0142adniki ceny takie jak transport czy koszty pracy lub zysk, po informacje o sk\u0142adnikach szkodliwych.<\/p>\n\n\n\n<p>Wyznaczenie standard\u00f3w graficznych jest jednym z podstawowych za\u0142o\u017ce\u0144 projektu. Standard graficzny nie b\u0119dzie dodatkowym oznakowaniem, ale j\u0119zykiem graficznym, w kt\u00f3ry ubrany mog\u0105 by\u0107 dotychczas funkcjonuj\u0105ce etykiety po drobnych zmianach.<\/p>\n\n\n\n<p><\/p>\n\n<\/div><\/div>\n\n<div class=\"no-border wp-block-ub-content-toggle-accordion\" id=\"ub-content-toggle-panel-block-\">\n                <div class=\"wp-block-ub-content-toggle-accordion-title-wrap\"\" aria-controls=\"ub-content-toggle-panel-6-5eccb20b-5b05-40b9-b06c-cce400660994\" tabindex=\"0\">\n                    <p class=\"wp-block-ub-content-toggle-accordion-title ub-content-toggle-title-5eccb20b-5b05-40b9-b06c-cce400660994\">M\u0105dre Opakowanie<\/p><div class=\"wp-block-ub-content-toggle-accordion-toggle-wrap left\"><span class=\"wp-block-ub-content-toggle-accordion-state-indicator wp-block-ub-chevron-down open\"><\/span>\n                    <\/div><\/div><div role=\"region\" aria-expanded=\"true\" class=\"wp-block-ub-content-toggle-accordion-content-wrap\" id=\"ub-content-toggle-panel-6-5eccb20b-5b05-40b9-b06c-cce400660994\">\n\n<p><\/p>\n\n\n\n<p>Projekt M\u0105dre Opakowanie ma za zadanie promowa\u0107 nowe formy opakowaniowe, realizuj\u0105ce za\u0142o\u017cenia gospodarki o obiegu zamkni\u0119tym i pe\u0142nego zr\u00f3wnowa\u017cenia \u015brodowiskowego. <\/p>\n\n\n\n<p>Zamierzamy prowadzi\u0107 ranking i wskazywa\u0107 dobre i z\u0142e praktyki na rynku, jak r\u00f3wnie\u017c publikowa\u0107 korespondencj\u0119 z producentami, w celu ujawniania prawdziwego podej\u015bcia firm i korporacji do problemu opakowa\u0144.<\/p>\n\n\n\n<p><\/p>\n\n<\/div><\/div>\n\n<div class=\"no-border wp-block-ub-content-toggle-accordion\" id=\"ub-content-toggle-panel-block-\">\n                <div class=\"wp-block-ub-content-toggle-accordion-title-wrap\"\" aria-controls=\"ub-content-toggle-panel-7-5eccb20b-5b05-40b9-b06c-cce400660994\" tabindex=\"0\">\n                    <p class=\"wp-block-ub-content-toggle-accordion-title ub-content-toggle-title-5eccb20b-5b05-40b9-b06c-cce400660994\">Drugie \u017bycie Produktu<\/p><div class=\"wp-block-ub-content-toggle-accordion-toggle-wrap left\"><span class=\"wp-block-ub-content-toggle-accordion-state-indicator wp-block-ub-chevron-down open\"><\/span>\n                    <\/div><\/div><div role=\"region\" aria-expanded=\"true\" class=\"wp-block-ub-content-toggle-accordion-content-wrap\" id=\"ub-content-toggle-panel-7-5eccb20b-5b05-40b9-b06c-cce400660994\">\n\n<p><\/p>\n\n\n\n<p>Projekt zak\u0142ada wytworzenie mechanizmu wsp\u00f3\u0142finansowania napraw sprz\u0119tu, kt\u00f3rego naprawy dotychczas nie by\u0142y op\u0142acalne dla ko\u0144cowego u\u017cytkownika, z powodu wysokich cen element\u00f3w serwisowych lub us\u0142ug. <\/p>\n\n\n\n<p>Producenci powinni ponosi\u0107 wi\u0119ksz\u0105 odpowiedzialno\u015b\u0107 za dzia\u0142ania trwoni\u0105ce zasoby naturalne oraz za kr\u00f3tkie funkcjonowanie przedmiot\u00f3w takich jak smartfony czy sprz\u0119t gospodarstwa domowego.<\/p>\n\n\n\n<p>Fundusz b\u0119dzie poszukiwa\u0142 finansowania w\u0142a\u015bnie u \u015bwiadomych producent\u00f3w, kt\u00f3rych sprz\u0119ty b\u0119d\u0105 naprawiane w ramach programu dofinansowa\u0144.<\/p>\n\n\n\n<p><\/p>\n\n<\/div><\/div>\n<\/div>\n\n<div class=\"wp-block-ub-content-toggle\" id=\"ub-content-toggle-40b67c13-b260-4c36-ab10-22c8eefd861b\" data-mobilecollapse=\"false\" data-desktopcollapse=\"false\">\n<div class=\"wp-block-ub-content-toggle-accordion\" id=\"ub-content-toggle-panel-block-\">\n                <div class=\"wp-block-ub-content-toggle-accordion-title-wrap\"\" aria-controls=\"ub-content-toggle-panel-0-40b67c13-b260-4c36-ab10-22c8eefd861b\" tabindex=\"0\">\n                    <p class=\"wp-block-ub-content-toggle-accordion-title ub-content-toggle-title-40b67c13-b260-4c36-ab10-22c8eefd861b\"><br>Chcemy zatrzyma\u0107 si\u0119 w biegu do posiadania wi\u0119kszej ilo\u015bci nowszych rzeczy, b\u0142yszcz\u0105cych, luksusowych, podbudowuj\u0105cych nasze ego, s\u0142u\u017c\u0105cych do pozycjonowania si\u0119 w stosunkach spo\u0142ecznych opartych na konsumpcji.<br><br>Promujemy rozumienie, \u017ce warto\u015b\u0107 drugiego cz\u0142owieka nie zale\u017cy od stanu posiadania, pozycji zawodowej, statusu materialnego, ubioru, mieszkania, samochodu. Warto\u015b\u0107 drugiego cz\u0142owieka nie podlega ocenie w kategoriach materialnych.<br><\/p><div class=\"wp-block-ub-content-toggle-accordion-toggle-wrap left\"><span class=\"wp-block-ub-content-toggle-accordion-state-indicator wp-block-ub-chevron-down open\"><\/span>\n                    <\/div><\/div><div role=\"region\" aria-expanded=\"true\" class=\"wp-block-ub-content-toggle-accordion-content-wrap\" id=\"ub-content-toggle-panel-0-40b67c13-b260-4c36-ab10-22c8eefd861b\"><\/div><\/div>\n<\/div>\n\n\n<p><\/p>\n\n\n\n<h4 class=\"wp-block-heading\">Pracujemy nad kilkoma projektami na raz.<\/h4>\n\n\n\n<p>Fundacja uruchamia r\u00f3wnolegle kilka projekt\u00f3w. Ich bie\u017c\u0105cy post\u0119p aktualnie zale\u017cy od mo\u017cliwo\u015bci czasowych i zaanga\u017cowania wolontariuszy. Lista projekt\u00f3w znajduje si\u0119 w menu g\u00f3rnym strony www.<\/p>\n\n\n\n<h4 class=\"wp-block-heading\">Poszukujemy wolontariuszy<\/h4>\n\n\n\n<p>Je\u015bli kt\u00f3ry\u015b z projekt\u00f3w Ciebie zainteresowa\u0142, a chcia\u0142by\u015b nam w nim pom\u00f3c &#8211; zg\u0142o\u015b si\u0119 na zmianadlaklimatu@gmail.com, podaj\u0105c informacje o projekcie, kt\u00f3ry le\u017cy w polu Twojego zainteresowania, oraz kr\u00f3tko opisuj\u0105c, jaki wk\u0142ad chcia\u0142by\u015b wnie\u015b\u0107 w przebieg projektu lub te\u017c jakie posiadasz do\u015bwiadczenia na polach mog\u0105cych mie\u0107 zwi\u0105zek z projektem.<\/p>\n\n\n\n<h4 class=\"wp-block-heading\">Poszukujemy \u017ar\u00f3de\u0142 finansowania<\/h4>\n\n\n\n<p>R\u00f3wnocze\u015bnie poszukujemy r\u00f3\u017cnych \u017ar\u00f3de\u0142 finansowania projekt\u00f3w &#8211; pocz\u0105wszy od prywatnych darczy\u0144c\u00f3w na projektach celowych sko\u0144czywszy. Je\u015bli mo\u017cesz pom\u00f3c w promocji Fundacji, jej cel\u00f3w lub projekt\u00f3w &#8211;<strong> zach\u0119camy do wsp\u00f3\u0142pracy.<\/strong> Zajrzyj na zak\u0142adk\u0119 <a href=\"https:\/\/www.zmianadlaklimatu.pl\/index.php\/kontakt\/\" target=\"_blank\" rel=\"noreferrer noopener\">Kontakt<\/a><\/p>\n\n\n\n<p><\/p>\n","protected":false},"excerpt":{"rendered":"<p>To my mo\u017cemy co\u015b zmieni\u0107. Ja mog\u0119 zmieni\u0107, Ty mo\u017cesz zmieni\u0107. je\u015bli chcesz do nas do\u0142\u0105czy\u0107, napisz na zmianadlaklimatu@gmail.com Projekty fundacji Zmiana Dla Klimatu: Pracujemy nad kilkoma projektami na raz. Fundacja uruchamia r\u00f3wnolegle kilka projekt\u00f3w. Ich bie\u017c\u0105cy post\u0119p aktualnie zale\u017cy od mo\u017cliwo\u015bci czasowych i zaanga\u017cowania wolontariuszy. Lista projekt\u00f3w znajduje si\u0119 w menu g\u00f3rnym strony www. [&hellip;]<\/p>\n","protected":false},"author":1,"featured_media":0,"parent":0,"menu_order":0,"comment_status":"closed","ping_status":"closed","template":"","meta":{"ub_ctt_via":"","_monsterinsights_skip_tracking":false,"_monsterinsights_sitenote_active":false,"_monsterinsights_sitenote_note":"","_monsterinsights_sitenote_category":0,"footnotes":""},"featured_image_src":null,"_links":{"self":[{"href":"https:\/\/www.zmianadlaklimatu.pl\/index.php\/wp-json\/wp\/v2\/pages\/23"}],"collection":[{"href":"https:\/\/www.zmianadlaklimatu.pl\/index.php\/wp-json\/wp\/v2\/pages"}],"about":[{"href":"https:\/\/www.zmianadlaklimatu.pl\/index.php\/wp-json\/wp\/v2\/types\/page"}],"author":[{"embeddable":true,"href":"https:\/\/www.zmianadlaklimatu.pl\/index.php\/wp-json\/wp\/v2\/users\/1"}],"replies":[{"embeddable":true,"href":"https:\/\/www.zmianadlaklimatu.pl\/index.php\/wp-json\/wp\/v2\/comments?post=23"}],"version-history":[{"count":18,"href":"https:\/\/www.zmianadlaklimatu.pl\/index.php\/wp-json\/wp\/v2\/pages\/23\/revisions"}],"predecessor-version":[{"id":610,"href":"https:\/\/www.zmianadlaklimatu.pl\/index.php\/wp-json\/wp\/v2\/pages\/23\/revisions\/610"}],"wp:attachment":[{"href":"https:\/\/www.zmianadlaklimatu.pl\/index.php\/wp-json\/wp\/v2\/media?parent=23"}],"curies":[{"name":"wp","href":"https:\/\/api.w.org\/{rel}","templated":true}]}}