{"id":18,"date":"2021-11-10T11:16:42","date_gmt":"2021-11-10T11:16:42","guid":{"rendered":"http:\/\/www.zmianadlaklimatu.pl\/?page_id=18"},"modified":"2022-03-23T17:04:21","modified_gmt":"2022-03-23T17:04:21","slug":"sklad-kontrolowany","status":"publish","type":"page","link":"https:\/\/www.zmianadlaklimatu.pl\/index.php\/projekty\/sklad-kontrolowany\/","title":{"rendered":"Layout kontrolowany"},"content":{"rendered":"\n<h3 class=\"wp-block-heading\"><\/h3>\n\n\n<div class=\"wp-block-ub-content-toggle\" id=\"ub-content-toggle-d548a514-8912-4afe-97ef-9cb878f3b39c\" data-mobilecollapse=\"false\" data-desktopcollapse=\"false\">\n<div class=\"no-border wp-block-ub-content-toggle-accordion\" id=\"ub-content-toggle-panel-block-\">\n                <div class=\"wp-block-ub-content-toggle-accordion-title-wrap\"\" aria-controls=\"ub-content-toggle-panel-0-d548a514-8912-4afe-97ef-9cb878f3b39c\" tabindex=\"0\">\n                    <p class=\"wp-block-ub-content-toggle-accordion-title ub-content-toggle-title-d548a514-8912-4afe-97ef-9cb878f3b39c\">CEL: Monitoring efektywno\u015bci \u015brodowiskowej sk\u0142ad\u00f3w wydawnictw i czasopism<\/p><div class=\"wp-block-ub-content-toggle-accordion-toggle-wrap left\"><span class=\"wp-block-ub-content-toggle-accordion-state-indicator wp-block-ub-chevron-down open\"><\/span>\n                    <\/div><\/div><div role=\"region\" aria-expanded=\"true\" class=\"wp-block-ub-content-toggle-accordion-content-wrap\" id=\"ub-content-toggle-panel-0-d548a514-8912-4afe-97ef-9cb878f3b39c\">\n\n<div class=\"wp-block-columns is-layout-flex wp-container-core-columns-layout-1 wp-block-columns-is-layout-flex\">\n<div class=\"wp-block-column is-layout-flow wp-block-column-is-layout-flow\" style=\"flex-basis:50%\">\n<p><\/p>\n\n\n\n<p>W 2022 roku uruchamiamy pilota\u017c projektu<strong> &#8222;Layout Kontrolowany&#8221; <\/strong>maj\u0105cy na celu monitoring wykorzystania papieru na polskim rynku wydawniczym. <\/p>\n\n\n\n<p>Prace rozpoczn\u0105 si\u0119 od analiz wybranych pozycji popularnych wydawnictw dziennik\u00f3w i tygodnik\u00f3w, by w dalszym etapie obj\u0105\u0107 niekt\u00f3re pozycje ksi\u0105\u017ckowe.<\/p>\n\n\n\n<p><\/p>\n<\/div>\n\n\n\n<div class=\"wp-block-column is-layout-flow wp-block-column-is-layout-flow\" style=\"flex-basis:50%\">\n<p><\/p>\n\n\n\n<p>W drugim kroku przygotujemy aplikacj\u0119 pozwalaj\u0105c\u0105 przeci\u0119tnemu czytelnikowi dostarczenie danych do analiz wydawnictwa w celu tworzenia spo\u0142eczno\u015bciowego rankingu wydawnictw.<\/p>\n\n\n\n<p><\/p>\n<\/div>\n<\/div>\n\n<\/div><\/div>\n\n<div class=\"no-border wp-block-ub-content-toggle-accordion\" id=\"ub-content-toggle-panel-block-\">\n                <div class=\"wp-block-ub-content-toggle-accordion-title-wrap\"\" aria-controls=\"ub-content-toggle-panel-1-d548a514-8912-4afe-97ef-9cb878f3b39c\" tabindex=\"0\">\n                    <p class=\"wp-block-ub-content-toggle-accordion-title ub-content-toggle-title-d548a514-8912-4afe-97ef-9cb878f3b39c\">&#8222;Wystarczy, \u017ce <strong>zrobisz zdj\u0119cie kodu kreskowego wydawnictwa, lub wprowadzisz dane r\u0119cznie, oraz zapewnisz zdj\u0119cia kilku przyk\u0142adowych stron danej publikacji.<\/strong>&#8222;<\/p><div class=\"wp-block-ub-content-toggle-accordion-toggle-wrap left\"><span class=\"wp-block-ub-content-toggle-accordion-state-indicator wp-block-ub-chevron-down open\"><\/span>\n                    <\/div><\/div><div role=\"region\" aria-expanded=\"true\" class=\"wp-block-ub-content-toggle-accordion-content-wrap\" id=\"ub-content-toggle-panel-1-d548a514-8912-4afe-97ef-9cb878f3b39c\">\n\n<div class=\"wp-block-columns is-layout-flex wp-container-core-columns-layout-2 wp-block-columns-is-layout-flex\">\n<div class=\"wp-block-column is-layout-flow wp-block-column-is-layout-flow\" style=\"flex-basis:50%\">\n<p><\/p>\n\n\n\n<p>Aplikacja, tworzona na zasadach Open Source, skanowa\u0107 b\u0119dzie proporcje tekstu do rozmiaru strony oraz ilo\u015b\u0107 zdj\u0119\u0107 wielkoformatowych na wydrukach, przygotowuj\u0105c na tej podstawie statystyki oraz ranking ekologiczno\u015bci sk\u0142adu graficznego i wykorzystania papieru. <\/p>\n\n\n\n<p><\/p>\n<\/div>\n\n\n\n<div class=\"wp-block-column is-layout-flow wp-block-column-is-layout-flow\" style=\"flex-basis:50%\">\n<p><\/p>\n\n\n\n<p>Monitoring i wprowadzenie <strong>standardu sk\u0142adu i parametru efektywno\u015bci u\u017cycia papieru na rynku wydawnictw papierowych,<\/strong> utworzenie aplikacji spo\u0142eczno\u015bciowej umo\u017cliwiaj\u0105cej analizy wyda\u0144 czytanych przez u\u017cytkownik\u00f3w oraz stworzenie rankingu aktualizuj\u0105cego poszczeg\u00f3lne wydawnictwa jest celem na 2023 rok.<\/p>\n\n\n\n<p><\/p>\n<\/div>\n<\/div>\n\n<\/div><\/div>\n\n<div class=\"no-border wp-block-ub-content-toggle-accordion\" id=\"ub-content-toggle-panel-block-\">\n                <div class=\"wp-block-ub-content-toggle-accordion-title-wrap\"\" aria-controls=\"ub-content-toggle-panel-2-d548a514-8912-4afe-97ef-9cb878f3b39c\" tabindex=\"0\">\n                    <p class=\"wp-block-ub-content-toggle-accordion-title ub-content-toggle-title-d548a514-8912-4afe-97ef-9cb878f3b39c\">Nast\u0119pne kroki w tym projekcie:<\/p><div class=\"wp-block-ub-content-toggle-accordion-toggle-wrap left\"><span class=\"wp-block-ub-content-toggle-accordion-state-indicator wp-block-ub-chevron-down open\"><\/span>\n                    <\/div><\/div><div role=\"region\" aria-expanded=\"true\" class=\"wp-block-ub-content-toggle-accordion-content-wrap\" id=\"ub-content-toggle-panel-2-d548a514-8912-4afe-97ef-9cb878f3b39c\">\n\n<div class=\"wp-block-columns is-layout-flex wp-container-core-columns-layout-3 wp-block-columns-is-layout-flex\">\n<div class=\"wp-block-column is-layout-flow wp-block-column-is-layout-flow\" style=\"flex-basis:50%\">\n<p><\/p>\n\n\n\n<p>Poszukujemy aktualnie<strong> wolontariuszami z bran\u017cy IT<\/strong> &#8211; kt\u00f3rzy chcieliby zaanga\u017cowa\u0107 si\u0119 we wsp\u00f3\u0142tworzenie narz\u0119dzia typu Open Source.<\/p>\n\n\n\n<p>Wst\u0119pne wersje narz\u0119dzia do analizy graficznej uk\u0142ad\u00f3w graficznych stron drukowanych planowane s\u0105 na koniec 2022 roku.<\/p>\n\n\n\n<p><\/p>\n<\/div>\n\n\n\n<div class=\"wp-block-column is-layout-flow wp-block-column-is-layout-flow\" style=\"flex-basis:50%\">\n<p><\/p>\n\n\n\n<p>Poszukujemy kontakt\u00f3w<strong> ze specjalistami z bran\u017cy wydawniczej, posiadaj\u0105cych wgl\u0105d w systemy ISBN oraz klasyfikacj\u0119 produkt\u00f3w rynku wydawniczego<\/strong> szukamy projektant\u00f3w graficznych specjalizuj\u0105cych si\u0119 w sk\u0142adzie graficznym przygotowanych do druku.<\/p>\n\n\n\n<p><\/p>\n<\/div>\n<\/div>\n\n<\/div><\/div>\n<\/div>\n\n\n<p><\/p>\n\n\n\n<div class=\"wp-block-columns is-layout-flex wp-container-core-columns-layout-4 wp-block-columns-is-layout-flex\">\n<div class=\"wp-block-column is-layout-flow wp-block-column-is-layout-flow\" style=\"flex-basis:50%\">\n<p><strong>Ranking ekologiczno\u015bci sk\u0142adu<\/strong>, przyznawanie nagr\u00f3d i czerwonych kartek za najlepsze i najgorsze praktyki &#8222;Layoutu&#8221; &#8211; monitoring ekologiczno\u015bci sk\u0142ad\u00f3w wydawnictwa papierowych, prowadzenie rankingu, przyznawanie tytu\u0142\u00f3w \/ nagr\u00f3d &#8211; b\u0119d\u0105 efektami prowadzonych w tym projekcie dzia\u0142a\u0144.<\/p>\n\n\n\n<p>W pierwszej kolejno\u015bci zajmiemy si\u0119 du\u017cymi polskimi dziennikami i tygodnikami, w szczeg\u00f3lno\u015bci tymi, kt\u00f3re pr\u00f3buj\u0105 i\u015b\u0107 z nurtem tre\u015bci pro-ekologicznych.<\/p>\n<\/div>\n\n\n\n<div class=\"wp-block-column is-layout-flow wp-block-column-is-layout-flow\" style=\"flex-basis:50%\">\n<p>To<strong> media s\u0105 no\u015bnikiem informacji kluczowych dla zmian potrzebnych klimatowi i \u015brodowisku <\/strong>naturalnemu, a zarazem nadal wykorzystuj\u0105 finansowania z <strong>reklam promuj\u0105cych niezr\u00f3wnowa\u017cone produkty <\/strong>i us\u0142ugi. <\/p>\n\n\n\n<p>Wydawnictwa papierowe, nawet te, kt\u00f3re promuj\u0105 idee zr\u00f3wnowa\u017conego rozwoju czy rozpowszechniaj\u0105 wiedz\u0119 o kryzysie klimatycznym &#8211;<strong> same nie \u015bwiec\u0105 przyk\u0142adem<\/strong>, pozwalaj\u0105c sobie na ca\u0142ostronicowe reklamy drukowane szkodliwymi technikami. Naszym celem jest zmiana zasad gry i utworzenie warunk\u00f3w, dzi\u0119ki kt\u00f3rym media przewarto\u015bciuj\u0105 w\u0142asne sposoby dzia\u0142ania na bardziej zr\u00f3wnowa\u017cone.<\/p>\n<\/div>\n<\/div>\n","protected":false},"excerpt":{"rendered":"<p>Ranking ekologiczno\u015bci sk\u0142adu, przyznawanie nagr\u00f3d i czerwonych kartek za najlepsze i najgorsze praktyki &#8222;Layoutu&#8221; &#8211; monitoring ekologiczno\u015bci sk\u0142ad\u00f3w wydawnictwa papierowych, prowadzenie rankingu, przyznawanie tytu\u0142\u00f3w \/ nagr\u00f3d &#8211; b\u0119d\u0105 efektami prowadzonych w tym projekcie dzia\u0142a\u0144. W pierwszej kolejno\u015bci zajmiemy si\u0119 du\u017cymi polskimi dziennikami i tygodnikami, w szczeg\u00f3lno\u015bci tymi, kt\u00f3re pr\u00f3buj\u0105 i\u015b\u0107 z nurtem tre\u015bci pro-ekologicznych. To [&hellip;]<\/p>\n","protected":false},"author":1,"featured_media":0,"parent":23,"menu_order":0,"comment_status":"closed","ping_status":"closed","template":"","meta":{"ub_ctt_via":"","_monsterinsights_skip_tracking":false,"_monsterinsights_sitenote_active":false,"_monsterinsights_sitenote_note":"","_monsterinsights_sitenote_category":0,"footnotes":""},"featured_image_src":null,"_links":{"self":[{"href":"https:\/\/www.zmianadlaklimatu.pl\/index.php\/wp-json\/wp\/v2\/pages\/18"}],"collection":[{"href":"https:\/\/www.zmianadlaklimatu.pl\/index.php\/wp-json\/wp\/v2\/pages"}],"about":[{"href":"https:\/\/www.zmianadlaklimatu.pl\/index.php\/wp-json\/wp\/v2\/types\/page"}],"author":[{"embeddable":true,"href":"https:\/\/www.zmianadlaklimatu.pl\/index.php\/wp-json\/wp\/v2\/users\/1"}],"replies":[{"embeddable":true,"href":"https:\/\/www.zmianadlaklimatu.pl\/index.php\/wp-json\/wp\/v2\/comments?post=18"}],"version-history":[{"count":13,"href":"https:\/\/www.zmianadlaklimatu.pl\/index.php\/wp-json\/wp\/v2\/pages\/18\/revisions"}],"predecessor-version":[{"id":599,"href":"https:\/\/www.zmianadlaklimatu.pl\/index.php\/wp-json\/wp\/v2\/pages\/18\/revisions\/599"}],"up":[{"embeddable":true,"href":"https:\/\/www.zmianadlaklimatu.pl\/index.php\/wp-json\/wp\/v2\/pages\/23"}],"wp:attachment":[{"href":"https:\/\/www.zmianadlaklimatu.pl\/index.php\/wp-json\/wp\/v2\/media?parent=18"}],"curies":[{"name":"wp","href":"https:\/\/api.w.org\/{rel}","templated":true}]}}